{"id":8291,"date":"2022-02-23T11:06:21","date_gmt":"2022-02-23T11:06:21","guid":{"rendered":"https:\/\/medicate.peacefulqode.com\/?page_id=8291"},"modified":"2024-09-19T11:16:21","modified_gmt":"2024-09-19T17:16:21","slug":"servicios","status":"publish","type":"page","link":"http:\/\/hospitalcoban.gob.gt\/index.php\/servicios\/","title":{"rendered":"Servicios"},"content":{"rendered":"\t\t<div data-elementor-type=\"wp-page\" data-elementor-id=\"8291\" class=\"elementor elementor-8291\" data-elementor-post-type=\"page\">\n\t\t\t\t\t\t<div class=\"elementor-section elementor-top-section elementor-element elementor-element-11dfd1c elementor-section-full_width elementor-section-stretched elementor-section-height-min-height elementor-section-height-default elementor-section-items-middle\" data-id=\"11dfd1c\" data-element_type=\"section\" data-settings=\"{&quot;stretch_section&quot;:&quot;section-stretched&quot;,&quot;background_background&quot;:&quot;classic&quot;}\">\n\t\t\t\t\t\t\t<div class=\"elementor-background-overlay\"><\/div>\n\t\t\t\t\t\t\t<div class=\"elementor-container elementor-column-gap-default\">\n\t\t\t\t\t<div class=\"elementor-column elementor-col-100 elementor-top-column elementor-element elementor-element-e809a5e\" data-id=\"e809a5e\" data-element_type=\"column\">\n\t\t\t<div class=\"elementor-widget-wrap elementor-element-populated\">\n\t\t\t\t\t\t<div class=\"elementor-section elementor-inner-section elementor-element elementor-element-f92e2f1 elementor-section-boxed elementor-section-height-default elementor-section-height-default\" data-id=\"f92e2f1\" data-element_type=\"section\">\n\t\t\t\t\t\t<div class=\"elementor-container elementor-column-gap-default\">\n\t\t\t\t\t<div class=\"elementor-column elementor-col-100 elementor-inner-column elementor-element elementor-element-1ff8c57\" data-id=\"1ff8c57\" data-element_type=\"column\">\n\t\t\t<div class=\"elementor-widget-wrap elementor-element-populated\">\n\t\t\t\t\t\t<div class=\"elementor-element elementor-element-9c1cf9d elementor-widget elementor-widget-section-title\" data-id=\"9c1cf9d\" data-element_type=\"widget\" data-widget_type=\"section-title.default\">\n\t\t\t\t<div class=\"elementor-widget-container\">\n\t\t\t\t\t<div class=\"pt-section pt-style-1 text-center\">\r\n\t\t\r\n   \t\t   \t\t\t   <h5 class=\"pt-section-title\" >Servicios que se prestan en el Hospital Regional de Cob\u00e1n<\/h5>\r\n\t\t\t\r\n<\/div>\t\t\t\t<\/div>\n\t\t\t\t<\/div>\n\t\t\t\t\t<\/div>\n\t\t<\/div>\n\t\t\t\t\t<\/div>\n\t\t<\/div>\n\t\t\t\t\t<\/div>\n\t\t<\/div>\n\t\t\t\t\t<\/div>\n\t\t<\/div>\n\t\t\t\t<div class=\"elementor-section elementor-top-section elementor-element elementor-element-982ba78 elementor-section-full_width elementor-section-stretched elementor-section-height-default elementor-section-height-default\" data-id=\"982ba78\" data-element_type=\"section\" data-settings=\"{&quot;stretch_section&quot;:&quot;section-stretched&quot;,&quot;background_background&quot;:&quot;classic&quot;}\">\n\t\t\t\t\t\t\t<div class=\"elementor-background-overlay\"><\/div>\n\t\t\t\t\t\t\t<div class=\"elementor-container elementor-column-gap-default\">\n\t\t\t\t\t<div class=\"elementor-column elementor-col-100 elementor-top-column elementor-element elementor-element-8af4e2e\" data-id=\"8af4e2e\" data-element_type=\"column\">\n\t\t\t<div class=\"elementor-widget-wrap elementor-element-populated\">\n\t\t\t\t\t\t<div class=\"elementor-element elementor-element-614026e elementor-widget elementor-widget-section-title\" data-id=\"614026e\" data-element_type=\"widget\" data-widget_type=\"section-title.default\">\n\t\t\t\t<div class=\"elementor-widget-container\">\n\t\t\t\t\t<div class=\"pt-section pt-style-1 text-center\">\r\n\t\t\r\n   \t\t \r\n   \t\t<span class=\"pt-section-sub-title\">Servicios<\/span>\r\n   \t   \t\t\t   <h5 class=\"pt-section-title\" >Cartera de Servicios<\/h5>\r\n\t\t\t\r\n<\/div>\t\t\t\t<\/div>\n\t\t\t\t<\/div>\n\t\t\t\t<div class=\"elementor-section elementor-inner-section elementor-element elementor-element-b0a23cb elementor-section-boxed elementor-section-height-default elementor-section-height-default\" data-id=\"b0a23cb\" data-element_type=\"section\">\n\t\t\t\t\t\t<div class=\"elementor-container elementor-column-gap-default\">\n\t\t\t\t\t<div class=\"elementor-column elementor-col-100 elementor-inner-column elementor-element elementor-element-0558b1a\" data-id=\"0558b1a\" data-element_type=\"column\">\n\t\t\t<div class=\"elementor-widget-wrap\">\n\t\t\t\t\t\t\t<\/div>\n\t\t<\/div>\n\t\t\t\t\t<\/div>\n\t\t<\/div>\n\t\t\t\t<div class=\"elementor-section elementor-inner-section elementor-element elementor-element-1bb1f75 elementor-section-boxed elementor-section-height-default elementor-section-height-default\" data-id=\"1bb1f75\" data-element_type=\"section\">\n\t\t\t\t\t\t<div class=\"elementor-container elementor-column-gap-default\">\n\t\t\t\t\t<div class=\"elementor-column elementor-col-25 elementor-inner-column elementor-element elementor-element-90d8f51\" data-id=\"90d8f51\" data-element_type=\"column\">\n\t\t\t<div class=\"elementor-widget-wrap elementor-element-populated\">\n\t\t\t\t\t\t<div class=\"elementor-element elementor-element-2c9f314 elementor-widget elementor-widget-fancybox\" data-id=\"2c9f314\" data-element_type=\"widget\" data-widget_type=\"fancybox.default\">\n\t\t\t\t<div class=\"elementor-widget-container\">\n\t\t\t\t\t\r\n\r\n\r\n\r\n<div class=\"pt-fancy-box pt-style-1\">\r\n      <div class=\"pt-fancy-box-icon\"><i class=\" flaticon-doctor-1\"><\/i><\/div>        <div class=\"pt-fancy-box-info\">\r\n                <h5 class=\"pt-fancy-box-title\">Servicio de Consulta Externa \u2013COEX-<\/h5>                <\/p>\r\n                <div class=\"pt-btn-container\">\r\n                    <a class=\"pt-button pt-button-link\" href=\"\/servicios\/consulta-externa\">\r\n                      <div class=\"pt-button-block\">\r\n                      <span class=\"pt-button-text\">Ver m\u00e1s<\/span>\r\n                        <i class=\"ion ion-plus-round\"><\/i>\r\n                      <\/div>\r\n                    <\/a>\r\n                <\/div>\r\n                  \r\n        <\/div>\r\n<\/div>\r\n\r\n\r\n\r\n\t\t\t\t<\/div>\n\t\t\t\t<\/div>\n\t\t\t\t\t<\/div>\n\t\t<\/div>\n\t\t\t\t<div class=\"elementor-column elementor-col-25 elementor-inner-column elementor-element elementor-element-fb85688\" data-id=\"fb85688\" data-element_type=\"column\">\n\t\t\t<div class=\"elementor-widget-wrap elementor-element-populated\">\n\t\t\t\t\t\t<div class=\"elementor-element elementor-element-21b1c7e elementor-widget elementor-widget-fancybox\" data-id=\"21b1c7e\" data-element_type=\"widget\" data-widget_type=\"fancybox.default\">\n\t\t\t\t<div class=\"elementor-widget-container\">\n\t\t\t\t\t\r\n\r\n\r\n\r\n<div class=\"pt-fancy-box pt-style-1\">\r\n      <div class=\"pt-fancy-box-icon\"><i class=\" flaticon-cardiology\"><\/i><\/div>        <div class=\"pt-fancy-box-info\">\r\n                <h5 class=\"pt-fancy-box-title\">Servicio de Emergencias y Urgencias<\/h5>                <\/p>\r\n                <div class=\"pt-btn-container\">\r\n                    <a class=\"pt-button pt-button-link\" href=\"\/servicios\/emergencias\/\">\r\n                      <div class=\"pt-button-block\">\r\n                      <span class=\"pt-button-text\">Ver m\u00e1s<\/span>\r\n                        <i class=\"ion ion-plus-round\"><\/i>\r\n                      <\/div>\r\n                    <\/a>\r\n                <\/div>\r\n                  \r\n        <\/div>\r\n<\/div>\r\n\r\n\r\n\r\n\t\t\t\t<\/div>\n\t\t\t\t<\/div>\n\t\t\t\t\t<\/div>\n\t\t<\/div>\n\t\t\t\t<div class=\"elementor-column elementor-col-25 elementor-inner-column elementor-element elementor-element-3275e1d\" data-id=\"3275e1d\" data-element_type=\"column\">\n\t\t\t<div class=\"elementor-widget-wrap elementor-element-populated\">\n\t\t\t\t\t\t<div class=\"elementor-element elementor-element-93c9f10 elementor-widget elementor-widget-fancybox\" data-id=\"93c9f10\" data-element_type=\"widget\" data-widget_type=\"fancybox.default\">\n\t\t\t\t<div class=\"elementor-widget-container\">\n\t\t\t\t\t\r\n\r\n\r\n\r\n<div class=\"pt-fancy-box pt-style-1\">\r\n      <div class=\"pt-fancy-box-icon\"><i class=\" flaticon-health-insurance\"><\/i><\/div>        <div class=\"pt-fancy-box-info\">\r\n                <h5 class=\"pt-fancy-box-title\">Servicios de Encamamiento<\/h5>                <\/p>\r\n                <div class=\"pt-btn-container\">\r\n                    <a class=\"pt-button pt-button-link\" href=\"\/servicios\/encamamiento\">\r\n                      <div class=\"pt-button-block\">\r\n                      <span class=\"pt-button-text\">Ver m\u00e1s<\/span>\r\n                        <i class=\"ion ion-plus-round\"><\/i>\r\n                      <\/div>\r\n                    <\/a>\r\n                <\/div>\r\n                  \r\n        <\/div>\r\n<\/div>\r\n\r\n\r\n\r\n\t\t\t\t<\/div>\n\t\t\t\t<\/div>\n\t\t\t\t\t<\/div>\n\t\t<\/div>\n\t\t\t\t<div class=\"elementor-column elementor-col-25 elementor-inner-column elementor-element elementor-element-546689e\" data-id=\"546689e\" data-element_type=\"column\">\n\t\t\t<div class=\"elementor-widget-wrap elementor-element-populated\">\n\t\t\t\t\t\t<div class=\"elementor-element elementor-element-b0def3a elementor-widget elementor-widget-fancybox\" data-id=\"b0def3a\" data-element_type=\"widget\" data-widget_type=\"fancybox.default\">\n\t\t\t\t<div class=\"elementor-widget-container\">\n\t\t\t\t\t\r\n\r\n\r\n\r\n<div class=\"pt-fancy-box pt-style-1\">\r\n      <div class=\"pt-fancy-box-icon\"><i class=\" flaticon-ct-scan\"><\/i><\/div>        <div class=\"pt-fancy-box-info\">\r\n                <h5 class=\"pt-fancy-box-title\">Servicios de Internamiento de Transici\u00f3n y Cuidado Critico<\/h5>                <\/p>\r\n                <div class=\"pt-btn-container\">\r\n                    <a class=\"pt-button pt-button-link\" href=\"\/servicios\/internamiento\">\r\n                      <div class=\"pt-button-block\">\r\n                      <span class=\"pt-button-text\">Ver m\u00e1s<\/span>\r\n                        <i class=\"ion ion-plus-round\"><\/i>\r\n                      <\/div>\r\n                    <\/a>\r\n                <\/div>\r\n                  \r\n        <\/div>\r\n<\/div>\r\n\r\n\r\n\r\n\t\t\t\t<\/div>\n\t\t\t\t<\/div>\n\t\t\t\t\t<\/div>\n\t\t<\/div>\n\t\t\t\t\t<\/div>\n\t\t<\/div>\n\t\t\t\t<div class=\"elementor-section elementor-inner-section elementor-element elementor-element-4e8032f elementor-section-boxed elementor-section-height-default elementor-section-height-default\" data-id=\"4e8032f\" data-element_type=\"section\">\n\t\t\t\t\t\t<div class=\"elementor-container elementor-column-gap-default\">\n\t\t\t\t\t<div class=\"elementor-column elementor-col-33 elementor-inner-column elementor-element elementor-element-2e14c60\" data-id=\"2e14c60\" data-element_type=\"column\">\n\t\t\t<div class=\"elementor-widget-wrap elementor-element-populated\">\n\t\t\t\t\t\t<div class=\"elementor-element elementor-element-75f7d58 elementor-widget elementor-widget-fancybox\" data-id=\"75f7d58\" data-element_type=\"widget\" data-widget_type=\"fancybox.default\">\n\t\t\t\t<div class=\"elementor-widget-container\">\n\t\t\t\t\t\r\n\r\n\r\n\r\n<div class=\"pt-fancy-box pt-style-1\">\r\n      <div class=\"pt-fancy-box-icon\"><i class=\" flaticon-laboratory\"><\/i><\/div>        <div class=\"pt-fancy-box-info\">\r\n                <h5 class=\"pt-fancy-box-title\">Servicios de Instituciones estatales en el interior del Hospital<\/h5>                <\/p>\r\n                <div class=\"pt-btn-container\">\r\n                    <a class=\"pt-button pt-button-link\" href=\"\/servicios\/servicios-institucionales\">\r\n                      <div class=\"pt-button-block\">\r\n                      <span class=\"pt-button-text\">Ver m\u00e1s<\/span>\r\n                        <i class=\"ion ion-plus-round\"><\/i>\r\n                      <\/div>\r\n                    <\/a>\r\n                <\/div>\r\n                  \r\n        <\/div>\r\n<\/div>\r\n\r\n\r\n\r\n\t\t\t\t<\/div>\n\t\t\t\t<\/div>\n\t\t\t\t\t<\/div>\n\t\t<\/div>\n\t\t\t\t<div class=\"elementor-column elementor-col-33 elementor-inner-column elementor-element elementor-element-38bb1d4\" data-id=\"38bb1d4\" data-element_type=\"column\">\n\t\t\t<div class=\"elementor-widget-wrap elementor-element-populated\">\n\t\t\t\t\t\t<div class=\"elementor-element elementor-element-7e3aede elementor-widget elementor-widget-fancybox\" data-id=\"7e3aede\" data-element_type=\"widget\" data-widget_type=\"fancybox.default\">\n\t\t\t\t<div class=\"elementor-widget-container\">\n\t\t\t\t\t\r\n\r\n\r\n\r\n<div class=\"pt-fancy-box pt-style-1\">\r\n      <div class=\"pt-fancy-box-icon\"><i class=\" flaticon-healthcare\"><\/i><\/div>        <div class=\"pt-fancy-box-info\">\r\n                <h5 class=\"pt-fancy-box-title\">Servicios de apoyo<\/h5>                <\/p>\r\n                <div class=\"pt-btn-container\">\r\n                    <a class=\"pt-button pt-button-link\" href=\"\/servicios\/servicios-apoyo\">\r\n                      <div class=\"pt-button-block\">\r\n                      <span class=\"pt-button-text\">Ver m\u00e1s<\/span>\r\n                        <i class=\"ion ion-plus-round\"><\/i>\r\n                      <\/div>\r\n                    <\/a>\r\n                <\/div>\r\n                  \r\n        <\/div>\r\n<\/div>\r\n\r\n\r\n\r\n\t\t\t\t<\/div>\n\t\t\t\t<\/div>\n\t\t\t\t\t<\/div>\n\t\t<\/div>\n\t\t\t\t<div class=\"elementor-column elementor-col-33 elementor-inner-column elementor-element elementor-element-cf13111\" data-id=\"cf13111\" data-element_type=\"column\">\n\t\t\t<div class=\"elementor-widget-wrap elementor-element-populated\">\n\t\t\t\t\t\t<div class=\"elementor-element elementor-element-6397174 elementor-widget elementor-widget-fancybox\" data-id=\"6397174\" data-element_type=\"widget\" data-widget_type=\"fancybox.default\">\n\t\t\t\t<div class=\"elementor-widget-container\">\n\t\t\t\t\t\r\n\r\n\r\n\r\n<div class=\"pt-fancy-box pt-style-1\">\r\n      <div class=\"pt-fancy-box-icon\"><i class=\" flaticon-medical-prescription\"><\/i><\/div>        <div class=\"pt-fancy-box-info\">\r\n                <h5 class=\"pt-fancy-box-title\">Servicios Administrativos:<\/h5>                <\/p>\r\n                <div class=\"pt-btn-container\">\r\n                    <a class=\"pt-button pt-button-link\" href=\"\/servicios\/servicios-administrativos\">\r\n                      <div class=\"pt-button-block\">\r\n                      <span class=\"pt-button-text\">Ver m\u00e1s<\/span>\r\n                        <i class=\"ion ion-plus-round\"><\/i>\r\n                      <\/div>\r\n                    <\/a>\r\n                <\/div>\r\n                  \r\n        <\/div>\r\n<\/div>\r\n\r\n\r\n\r\n\t\t\t\t<\/div>\n\t\t\t\t<\/div>\n\t\t\t\t\t<\/div>\n\t\t<\/div>\n\t\t\t\t\t<\/div>\n\t\t<\/div>\n\t\t\t\t\t<\/div>\n\t\t<\/div>\n\t\t\t\t\t<\/div>\n\t\t<\/div>\n\t\t\t\t<\/div>\n\t\t","protected":false},"excerpt":{"rendered":"<p>Servicios que se prestan en el Hospital Regional de Cob\u00e1n Servicios Cartera de Servicios Servicio de Consulta Externa \u2013COEX- Ver m\u00e1s Servicio de Emergencias y Urgencias Ver m\u00e1s Servicios de Encamamiento Ver m\u00e1s Servicios de Internamiento de Transici\u00f3n y Cuidado Critico Ver m\u00e1s Servicios de Instituciones estatales en el interior del Hospital Ver m\u00e1s Servicios [&hellip;]<\/p>\n","protected":false},"author":1,"featured_media":0,"parent":0,"menu_order":0,"comment_status":"closed","ping_status":"closed","template":"","meta":{"_acf_changed":false,"footnotes":""},"class_list":["post-8291","page","type-page","status-publish","hentry"],"acf":[],"_links":{"self":[{"href":"http:\/\/hospitalcoban.gob.gt\/index.php\/wp-json\/wp\/v2\/pages\/8291","targetHints":{"allow":["GET"]}}],"collection":[{"href":"http:\/\/hospitalcoban.gob.gt\/index.php\/wp-json\/wp\/v2\/pages"}],"about":[{"href":"http:\/\/hospitalcoban.gob.gt\/index.php\/wp-json\/wp\/v2\/types\/page"}],"author":[{"embeddable":true,"href":"http:\/\/hospitalcoban.gob.gt\/index.php\/wp-json\/wp\/v2\/users\/1"}],"replies":[{"embeddable":true,"href":"http:\/\/hospitalcoban.gob.gt\/index.php\/wp-json\/wp\/v2\/comments?post=8291"}],"version-history":[{"count":69,"href":"http:\/\/hospitalcoban.gob.gt\/index.php\/wp-json\/wp\/v2\/pages\/8291\/revisions"}],"predecessor-version":[{"id":18277,"href":"http:\/\/hospitalcoban.gob.gt\/index.php\/wp-json\/wp\/v2\/pages\/8291\/revisions\/18277"}],"wp:attachment":[{"href":"http:\/\/hospitalcoban.gob.gt\/index.php\/wp-json\/wp\/v2\/media?parent=8291"}],"curies":[{"name":"wp","href":"https:\/\/api.w.org\/{rel}","templated":true}]}}