{"id":2711,"date":"2021-12-05T08:23:24","date_gmt":"2021-12-05T08:23:24","guid":{"rendered":"https:\/\/medicate.peacefulqode.com\/?page_id=2711"},"modified":"2023-05-30T04:04:44","modified_gmt":"2023-05-30T02:04:44","slug":"especialidades","status":"publish","type":"page","link":"http:\/\/hospitalcoban.gob.gt\/index.php\/especialidades\/","title":{"rendered":"Especialidades"},"content":{"rendered":"\t\t<div data-elementor-type=\"wp-page\" data-elementor-id=\"2711\" class=\"elementor elementor-2711\" data-elementor-post-type=\"page\">\n\t\t\t\t\t\t<div class=\"elementor-section elementor-top-section elementor-element elementor-element-5ed307c elementor-section-full_width elementor-section-stretched elementor-section-height-min-height elementor-section-height-default elementor-section-items-middle\" data-id=\"5ed307c\" data-element_type=\"section\" data-settings=\"{&quot;stretch_section&quot;:&quot;section-stretched&quot;,&quot;background_background&quot;:&quot;classic&quot;}\">\n\t\t\t\t\t\t\t<div class=\"elementor-background-overlay\"><\/div>\n\t\t\t\t\t\t\t<div class=\"elementor-container elementor-column-gap-default\">\n\t\t\t\t\t<div class=\"elementor-column elementor-col-100 elementor-top-column elementor-element elementor-element-38729cf\" data-id=\"38729cf\" data-element_type=\"column\">\n\t\t\t<div class=\"elementor-widget-wrap elementor-element-populated\">\n\t\t\t\t\t\t<div class=\"elementor-section elementor-inner-section elementor-element elementor-element-c2a750d elementor-section-boxed elementor-section-height-default elementor-section-height-default\" data-id=\"c2a750d\" data-element_type=\"section\">\n\t\t\t\t\t\t<div class=\"elementor-container elementor-column-gap-default\">\n\t\t\t\t\t<div class=\"elementor-column elementor-col-100 elementor-inner-column elementor-element elementor-element-085d389\" data-id=\"085d389\" data-element_type=\"column\">\n\t\t\t<div class=\"elementor-widget-wrap elementor-element-populated\">\n\t\t\t\t\t\t<div class=\"elementor-element elementor-element-ab82589 elementor-widget elementor-widget-section-title\" data-id=\"ab82589\" data-element_type=\"widget\" data-widget_type=\"section-title.default\">\n\t\t\t\t<div class=\"elementor-widget-container\">\n\t\t\t\t\t<div class=\"pt-section pt-style-1 text-center\">\r\n\t\t\r\n   \t\t   \t\t\t   <h5 class=\"pt-section-title\" >Especialidades<\/h5>\r\n\t\t\t\r\n<\/div>\t\t\t\t<\/div>\n\t\t\t\t<\/div>\n\t\t\t\t\t<\/div>\n\t\t<\/div>\n\t\t\t\t\t<\/div>\n\t\t<\/div>\n\t\t\t\t\t<\/div>\n\t\t<\/div>\n\t\t\t\t\t<\/div>\n\t\t<\/div>\n\t\t\t\t<div class=\"elementor-section elementor-top-section elementor-element elementor-element-021ce4a elementor-section-full_width elementor-section-stretched elementor-section-height-default elementor-section-height-default\" data-id=\"021ce4a\" data-element_type=\"section\" data-settings=\"{&quot;stretch_section&quot;:&quot;section-stretched&quot;,&quot;background_background&quot;:&quot;classic&quot;}\">\n\t\t\t\t\t\t\t<div class=\"elementor-background-overlay\"><\/div>\n\t\t\t\t\t\t\t<div class=\"elementor-container elementor-column-gap-default\">\n\t\t\t\t\t<div class=\"elementor-column elementor-col-100 elementor-top-column elementor-element elementor-element-be05a96\" data-id=\"be05a96\" data-element_type=\"column\">\n\t\t\t<div class=\"elementor-widget-wrap elementor-element-populated\">\n\t\t\t\t\t\t<div class=\"elementor-element elementor-element-e180eb5 elementor-widget elementor-widget-section-title\" data-id=\"e180eb5\" data-element_type=\"widget\" data-widget_type=\"section-title.default\">\n\t\t\t\t<div class=\"elementor-widget-container\">\n\t\t\t\t\t<div class=\"pt-section pt-style-1 text-center\">\r\n\t\t\r\n   \t\t \r\n   \t\t<span class=\"pt-section-sub-title\">Nuestras Especialidades<\/span>\r\n   \t   \t\t\t   <h5 class=\"pt-section-title\" >Especialidades con las que contamos<\/h5>\r\n\t\t\t\r\n<\/div>\t\t\t\t<\/div>\n\t\t\t\t<\/div>\n\t\t\t\t<div class=\"elementor-section elementor-inner-section elementor-element elementor-element-92dc4a4 elementor-section-boxed elementor-section-height-default elementor-section-height-default\" data-id=\"92dc4a4\" data-element_type=\"section\">\n\t\t\t\t\t\t<div class=\"elementor-container elementor-column-gap-default\">\n\t\t\t\t\t<div class=\"elementor-column elementor-col-100 elementor-inner-column elementor-element elementor-element-d0e2ae2\" data-id=\"d0e2ae2\" data-element_type=\"column\">\n\t\t\t<div class=\"elementor-widget-wrap\">\n\t\t\t\t\t\t\t<\/div>\n\t\t<\/div>\n\t\t\t\t\t<\/div>\n\t\t<\/div>\n\t\t\t\t<div class=\"elementor-section elementor-inner-section elementor-element elementor-element-7c7fab4 elementor-section-boxed elementor-section-height-default elementor-section-height-default\" data-id=\"7c7fab4\" data-element_type=\"section\">\n\t\t\t\t\t\t<div class=\"elementor-container elementor-column-gap-default\">\n\t\t\t\t\t<div class=\"elementor-column elementor-col-33 elementor-inner-column elementor-element elementor-element-755c188\" data-id=\"755c188\" data-element_type=\"column\">\n\t\t\t<div class=\"elementor-widget-wrap elementor-element-populated\">\n\t\t\t\t\t\t<div class=\"elementor-element elementor-element-5b10012 elementor-widget elementor-widget-fancybox\" data-id=\"5b10012\" data-element_type=\"widget\" data-widget_type=\"fancybox.default\">\n\t\t\t\t<div class=\"elementor-widget-container\">\n\t\t\t\t\t\r\n\r\n\r\n\r\n<div class=\"pt-fancy-box pt-style-1\">\r\n      <div class=\"pt-fancy-box-icon\"><i class=\" flaticon-doctor-1\"><\/i><\/div>        <div class=\"pt-fancy-box-info\">\r\n                <h5 class=\"pt-fancy-box-title\">Medicina interna<\/h5>                <\/p>\r\n                <div class=\"pt-btn-container\">\r\n                    <a class=\"pt-button pt-button-link\" href=\"\/hospital\/especialidades\/medicina-interna\">\r\n                      <div class=\"pt-button-block\">\r\n                      <span class=\"pt-button-text\">Ver m\u00e1s<\/span>\r\n                        <i class=\"ion ion-plus-round\"><\/i>\r\n                      <\/div>\r\n                    <\/a>\r\n                <\/div>\r\n                  \r\n        <\/div>\r\n<\/div>\r\n\r\n\r\n\r\n\t\t\t\t<\/div>\n\t\t\t\t<\/div>\n\t\t\t\t\t<\/div>\n\t\t<\/div>\n\t\t\t\t<div class=\"elementor-column elementor-col-33 elementor-inner-column elementor-element elementor-element-9d3c655\" data-id=\"9d3c655\" data-element_type=\"column\">\n\t\t\t<div class=\"elementor-widget-wrap elementor-element-populated\">\n\t\t\t\t\t\t<div class=\"elementor-element elementor-element-ac3116f elementor-widget elementor-widget-fancybox\" data-id=\"ac3116f\" data-element_type=\"widget\" data-widget_type=\"fancybox.default\">\n\t\t\t\t<div class=\"elementor-widget-container\">\n\t\t\t\t\t\r\n\r\n\r\n\r\n<div class=\"pt-fancy-box pt-style-1\">\r\n      <div class=\"pt-fancy-box-icon\"><i class=\" flaticon-ct-scan\"><\/i><\/div>        <div class=\"pt-fancy-box-info\">\r\n                <h5 class=\"pt-fancy-box-title\">Cirugia<\/h5>                <\/p>\r\n                <div class=\"pt-btn-container\">\r\n                    <a class=\"pt-button pt-button-link\" href=\"\/hospital\/especialidades\/cirugia\">\r\n                      <div class=\"pt-button-block\">\r\n                      <span class=\"pt-button-text\">Ver m\u00e1s<\/span>\r\n                        <i class=\"ion ion-plus-round\"><\/i>\r\n                      <\/div>\r\n                    <\/a>\r\n                <\/div>\r\n                  \r\n        <\/div>\r\n<\/div>\r\n\r\n\r\n\r\n\t\t\t\t<\/div>\n\t\t\t\t<\/div>\n\t\t\t\t\t<\/div>\n\t\t<\/div>\n\t\t\t\t<div class=\"elementor-column elementor-col-33 elementor-inner-column elementor-element elementor-element-797cadc\" data-id=\"797cadc\" data-element_type=\"column\">\n\t\t\t<div class=\"elementor-widget-wrap elementor-element-populated\">\n\t\t\t\t\t\t<div class=\"elementor-element elementor-element-4e177fe elementor-widget__width-initial elementor-widget elementor-widget-fancybox\" data-id=\"4e177fe\" data-element_type=\"widget\" data-widget_type=\"fancybox.default\">\n\t\t\t\t<div class=\"elementor-widget-container\">\n\t\t\t\t\t\r\n\r\n\r\n\r\n<div class=\"pt-fancy-box pt-style-1\">\r\n      <div class=\"pt-fancy-box-icon\"><i class=\" flaticon-x-ray-1\"><\/i><\/div>        <div class=\"pt-fancy-box-info\">\r\n                <h5 class=\"pt-fancy-box-title\">Traumatolog\u00eda y Ortopedia<\/h5>                <\/p>\r\n                <div class=\"pt-btn-container\">\r\n                    <a class=\"pt-button pt-button-link\" href=\"\/hospital\/especialidades\/traumatologia-ortopedia\">\r\n                      <div class=\"pt-button-block\">\r\n                      <span class=\"pt-button-text\">Ver m\u00e1s<\/span>\r\n                        <i class=\"ion ion-plus-round\"><\/i>\r\n                      <\/div>\r\n                    <\/a>\r\n                <\/div>\r\n                  \r\n        <\/div>\r\n<\/div>\r\n\r\n\r\n\r\n\t\t\t\t<\/div>\n\t\t\t\t<\/div>\n\t\t\t\t\t<\/div>\n\t\t<\/div>\n\t\t\t\t\t<\/div>\n\t\t<\/div>\n\t\t\t\t<div class=\"elementor-section elementor-inner-section elementor-element elementor-element-d30b194 elementor-section-boxed elementor-section-height-default elementor-section-height-default\" data-id=\"d30b194\" data-element_type=\"section\">\n\t\t\t\t\t\t<div class=\"elementor-container elementor-column-gap-default\">\n\t\t\t\t\t<div class=\"elementor-column elementor-col-50 elementor-inner-column elementor-element elementor-element-87f0ba8\" data-id=\"87f0ba8\" data-element_type=\"column\">\n\t\t\t<div class=\"elementor-widget-wrap elementor-element-populated\">\n\t\t\t\t\t\t<div class=\"elementor-element elementor-element-23809cf elementor-widget elementor-widget-fancybox\" data-id=\"23809cf\" data-element_type=\"widget\" data-widget_type=\"fancybox.default\">\n\t\t\t\t<div class=\"elementor-widget-container\">\n\t\t\t\t\t\r\n\r\n\r\n\r\n<div class=\"pt-fancy-box pt-style-1\">\r\n      <div class=\"pt-fancy-box-icon\"><i class=\" flaticon-healthcare\"><\/i><\/div>        <div class=\"pt-fancy-box-info\">\r\n                <h5 class=\"pt-fancy-box-title\">Ginecoobstetricia<\/h5>                <\/p>\r\n                <div class=\"pt-btn-container\">\r\n                    <a class=\"pt-button pt-button-link\" href=\"\/hospital\/especialidades\/ginecoobstetricia\">\r\n                      <div class=\"pt-button-block\">\r\n                      <span class=\"pt-button-text\">Ver m\u00e1s<\/span>\r\n                        <i class=\"ion ion-plus-round\"><\/i>\r\n                      <\/div>\r\n                    <\/a>\r\n                <\/div>\r\n                  \r\n        <\/div>\r\n<\/div>\r\n\r\n\r\n\r\n\t\t\t\t<\/div>\n\t\t\t\t<\/div>\n\t\t\t\t\t<\/div>\n\t\t<\/div>\n\t\t\t\t<div class=\"elementor-column elementor-col-50 elementor-inner-column elementor-element elementor-element-da2806c\" data-id=\"da2806c\" data-element_type=\"column\">\n\t\t\t<div class=\"elementor-widget-wrap elementor-element-populated\">\n\t\t\t\t\t\t<div class=\"elementor-element elementor-element-2bb52b6 elementor-widget elementor-widget-fancybox\" data-id=\"2bb52b6\" data-element_type=\"widget\" data-widget_type=\"fancybox.default\">\n\t\t\t\t<div class=\"elementor-widget-container\">\n\t\t\t\t\t\r\n\r\n\r\n\r\n<div class=\"pt-fancy-box pt-style-1\">\r\n      <div class=\"pt-fancy-box-icon\"><i class=\" flaticon-healthcare-1\"><\/i><\/div>        <div class=\"pt-fancy-box-info\">\r\n                <h5 class=\"pt-fancy-box-title\">Pediatr\u00eda<\/h5>                <\/p>\r\n                <div class=\"pt-btn-container\">\r\n                    <a class=\"pt-button pt-button-link\" href=\"\/hospital\/especialidades\/pediatria\">\r\n                      <div class=\"pt-button-block\">\r\n                      <span class=\"pt-button-text\">Ver m\u00e1s<\/span>\r\n                        <i class=\"ion ion-plus-round\"><\/i>\r\n                      <\/div>\r\n                    <\/a>\r\n                <\/div>\r\n                  \r\n        <\/div>\r\n<\/div>\r\n\r\n\r\n\r\n\t\t\t\t<\/div>\n\t\t\t\t<\/div>\n\t\t\t\t\t<\/div>\n\t\t<\/div>\n\t\t\t\t\t<\/div>\n\t\t<\/div>\n\t\t\t\t\t<\/div>\n\t\t<\/div>\n\t\t\t\t\t<\/div>\n\t\t<\/div>\n\t\t\t\t<div class=\"elementor-section elementor-top-section elementor-element elementor-element-a1ca545 elementor-section-full_width elementor-section-stretched elementor-section-height-default elementor-section-height-default\" data-id=\"a1ca545\" data-element_type=\"section\" data-settings=\"{&quot;stretch_section&quot;:&quot;section-stretched&quot;,&quot;background_background&quot;:&quot;classic&quot;}\">\n\t\t\t\t\t\t\t<div class=\"elementor-background-overlay\"><\/div>\n\t\t\t\t\t\t\t<div class=\"elementor-container elementor-column-gap-default\">\n\t\t\t\t\t<div class=\"elementor-column elementor-col-100 elementor-top-column elementor-element elementor-element-f48272b\" data-id=\"f48272b\" data-element_type=\"column\">\n\t\t\t<div class=\"elementor-widget-wrap elementor-element-populated\">\n\t\t\t\t\t\t<div class=\"elementor-section elementor-inner-section elementor-element elementor-element-7fbd119 elementor-section-content-middle elementor-section-boxed elementor-section-height-default elementor-section-height-default\" data-id=\"7fbd119\" data-element_type=\"section\">\n\t\t\t\t\t\t<div class=\"elementor-container elementor-column-gap-default\">\n\t\t\t\t\t<div class=\"elementor-column elementor-col-50 elementor-inner-column elementor-element elementor-element-2e5d2e7\" data-id=\"2e5d2e7\" data-element_type=\"column\">\n\t\t\t<div class=\"elementor-widget-wrap elementor-element-populated\">\n\t\t\t\t\t\t<div class=\"elementor-element elementor-element-8242acc elementor-widget elementor-widget-heading\" data-id=\"8242acc\" data-element_type=\"widget\" data-widget_type=\"heading.default\">\n\t\t\t\t<div class=\"elementor-widget-container\">\n\t\t\t\t\t<h6 class=\"elementor-heading-title elementor-size-default\">Un gran lugar de centro m\u00e9dico hospitalario y atenci\u00f3n m\u00e9dica.<\/h6>\t\t\t\t<\/div>\n\t\t\t\t<\/div>\n\t\t\t\t\t<\/div>\n\t\t<\/div>\n\t\t\t\t<div class=\"elementor-column elementor-col-50 elementor-inner-column elementor-element elementor-element-0cf6ccb\" data-id=\"0cf6ccb\" data-element_type=\"column\">\n\t\t\t<div class=\"elementor-widget-wrap elementor-element-populated\">\n\t\t\t\t\t\t<div class=\"elementor-element elementor-element-fcdf17d elementor-widget elementor-widget-Button\" data-id=\"fcdf17d\" data-element_type=\"widget\" data-widget_type=\"Button.default\">\n\t\t\t\t<div class=\"elementor-widget-container\">\n\t\t\t\t\t\r\n\r\n  <div class=\"pt-btn-container\">\r\n        <a class=\"pt-button pt-button-flat\" href=\"\/hospital\/our-services\/\">\r\n          <div class=\"pt-button-block\">\r\n          <span class=\"pt-button-text\">Cont\u00e1ctanos<\/span>\r\n            <i class=\"ion ion-plus-round\"><\/i>\r\n          <\/div>\r\n        <\/a>\r\n  <\/div>\r\n\r\n\t\t\t\t<\/div>\n\t\t\t\t<\/div>\n\t\t\t\t\t<\/div>\n\t\t<\/div>\n\t\t\t\t\t<\/div>\n\t\t<\/div>\n\t\t\t\t\t<\/div>\n\t\t<\/div>\n\t\t\t\t\t<\/div>\n\t\t<\/div>\n\t\t\t\t<div class=\"elementor-section elementor-top-section elementor-element elementor-element-21d4b6f elementor-section-full_width elementor-section-stretched elementor-hidden-desktop elementor-hidden-tablet elementor-hidden-mobile elementor-section-height-default elementor-section-height-default\" data-id=\"21d4b6f\" data-element_type=\"section\" data-settings=\"{&quot;stretch_section&quot;:&quot;section-stretched&quot;,&quot;background_background&quot;:&quot;classic&quot;}\">\n\t\t\t\t\t\t\t<div class=\"elementor-background-overlay\"><\/div>\n\t\t\t\t\t\t\t<div class=\"elementor-container elementor-column-gap-default\">\n\t\t\t\t\t<div class=\"elementor-column elementor-col-100 elementor-top-column elementor-element elementor-element-f907a0e\" data-id=\"f907a0e\" data-element_type=\"column\">\n\t\t\t<div class=\"elementor-widget-wrap elementor-element-populated\">\n\t\t\t\t\t\t<div class=\"elementor-section elementor-inner-section elementor-element elementor-element-20aef9f elementor-section-boxed elementor-section-height-default elementor-section-height-default\" data-id=\"20aef9f\" data-element_type=\"section\">\n\t\t\t\t\t\t<div class=\"elementor-container elementor-column-gap-default\">\n\t\t\t\t\t<div class=\"elementor-column elementor-col-100 elementor-inner-column elementor-element elementor-element-c1901e3\" data-id=\"c1901e3\" data-element_type=\"column\">\n\t\t\t<div class=\"elementor-widget-wrap elementor-element-populated\">\n\t\t\t\t\t\t<div class=\"elementor-element elementor-element-6580e70 elementor-widget elementor-widget-section-title\" data-id=\"6580e70\" data-element_type=\"widget\" data-widget_type=\"section-title.default\">\n\t\t\t\t<div class=\"elementor-widget-container\">\n\t\t\t\t\t<div class=\"pt-section pt-style-1 text-center\">\r\n\t\t\r\n   \t\t \r\n   \t\t<span class=\"pt-section-sub-title\">Pasos<\/span>\r\n   \t   \t\t\t   <h5 class=\"pt-section-title\" >Proceso de atenci\u00f3n<\/h5>\r\n\t\t\t\r\n<\/div>\t\t\t\t<\/div>\n\t\t\t\t<\/div>\n\t\t\t\t\t<\/div>\n\t\t<\/div>\n\t\t\t\t\t<\/div>\n\t\t<\/div>\n\t\t\t\t<div class=\"elementor-section elementor-inner-section elementor-element elementor-element-8d5f265 pt-step2-arrow elementor-section-boxed elementor-section-height-default elementor-section-height-default\" data-id=\"8d5f265\" data-element_type=\"section\" data-settings=\"{&quot;background_background&quot;:&quot;classic&quot;}\">\n\t\t\t\t\t\t\t<div class=\"elementor-background-overlay\"><\/div>\n\t\t\t\t\t\t\t<div class=\"elementor-container elementor-column-gap-default\">\n\t\t\t\t\t<div class=\"elementor-column elementor-col-25 elementor-inner-column elementor-element elementor-element-65a9291\" data-id=\"65a9291\" data-element_type=\"column\">\n\t\t\t<div class=\"elementor-widget-wrap elementor-element-populated\">\n\t\t\t\t\t\t<div class=\"elementor-element elementor-element-bce3358 elementor-widget elementor-widget-Process_Step\" data-id=\"bce3358\" data-element_type=\"widget\" data-settings=\"{&quot;_animation&quot;:&quot;none&quot;}\" data-widget_type=\"Process_Step.default\">\n\t\t\t\t<div class=\"elementor-widget-container\">\n\t\t\t\t\t\r\n<!-- structure -->\r\n<div class=\"pt-process-step pt-process-style-2 text-center\">\r\n    \r\n    <div class=\"pt-process-media\">\r\n    <div class=\"pt-process-img\"><img decoding=\"async\" src=\"https:\/\/medicate.peacefulqode.com\/wp-content\/uploads\/2022\/03\/1-1.png\" alt=\"medicate\" \/> <\/div>        <div class=\"pt-process-number\">\r\n            <span>01<\/span>\r\n        <\/div>\r\n    <\/div>\r\n\r\n    <div class=\"pt-process-step-info\">\r\n            <h5 class=\"pt-process-title\">Chequeo o Diagn\u00f3stico <\/h5>            <span class=\"pt-process-sub-title\"><\/span>\r\n\r\n        <div class=\"pt-process-description\">\r\n                        <p><p><audio class=\"audio-for-speech\"><\/audio><\/p><div class=\"translate-tooltip-mtz translator-hidden\"><div class=\"header\"><div class=\"header-controls\">Translator<\/div><div class=\"header-controls\">\u00a0<\/div><\/div><div class=\"translated-text\"><div class=\"words\">\u00a0<\/div><div class=\"sentences\">\u00a0<\/div><\/div><\/div><p>\u00a0<\/p><\/p>\r\n        <\/div>\r\n\r\n    <\/div>\r\n    <\/div>\r\n\r\n<!-- structure -->\r\n\r\n\r\n\r\n\r\n\r\n\r\n\r\n\t\t\t\t<\/div>\n\t\t\t\t<\/div>\n\t\t\t\t\t<\/div>\n\t\t<\/div>\n\t\t\t\t<div class=\"elementor-column elementor-col-25 elementor-inner-column elementor-element elementor-element-7ca2ca2\" data-id=\"7ca2ca2\" data-element_type=\"column\">\n\t\t\t<div class=\"elementor-widget-wrap elementor-element-populated\">\n\t\t\t\t\t\t<div class=\"elementor-element elementor-element-f8967c7 elementor-widget elementor-widget-Process_Step\" data-id=\"f8967c7\" data-element_type=\"widget\" data-settings=\"{&quot;_animation&quot;:&quot;none&quot;}\" data-widget_type=\"Process_Step.default\">\n\t\t\t\t<div class=\"elementor-widget-container\">\n\t\t\t\t\t\r\n<!-- structure -->\r\n<div class=\"pt-process-step pt-process-style-2 text-center\">\r\n    \r\n    <div class=\"pt-process-media\">\r\n    <div class=\"pt-process-img\"><img decoding=\"async\" src=\"https:\/\/medicate.peacefulqode.com\/wp-content\/uploads\/2022\/03\/2-1-1.png\" alt=\"medicate\" \/> <\/div>        <div class=\"pt-process-number\">\r\n            <span>02<\/span>\r\n        <\/div>\r\n    <\/div>\r\n\r\n    <div class=\"pt-process-step-info\">\r\n            <h5 class=\"pt-process-title\">An\u00e1lisis y ex\u00e1menes <\/h5>            <span class=\"pt-process-sub-title\"><\/span>\r\n\r\n        <div class=\"pt-process-description\">\r\n                        <p>Lorem Ipsum is simply dummy text of the printing and typesetting industry.<\/p>\r\n        <\/div>\r\n\r\n    <\/div>\r\n    <\/div>\r\n\r\n<!-- structure -->\r\n\r\n\r\n\r\n\r\n\r\n\r\n\r\n\t\t\t\t<\/div>\n\t\t\t\t<\/div>\n\t\t\t\t\t<\/div>\n\t\t<\/div>\n\t\t\t\t<div class=\"elementor-column elementor-col-25 elementor-inner-column elementor-element elementor-element-1e69633\" data-id=\"1e69633\" data-element_type=\"column\">\n\t\t\t<div class=\"elementor-widget-wrap elementor-element-populated\">\n\t\t\t\t\t\t<div class=\"elementor-element elementor-element-38223bb elementor-widget elementor-widget-Process_Step\" data-id=\"38223bb\" data-element_type=\"widget\" data-settings=\"{&quot;_animation&quot;:&quot;none&quot;}\" data-widget_type=\"Process_Step.default\">\n\t\t\t\t<div class=\"elementor-widget-container\">\n\t\t\t\t\t\r\n<!-- structure -->\r\n<div class=\"pt-process-step pt-process-style-2 text-center\">\r\n    \r\n    <div class=\"pt-process-media\">\r\n    <div class=\"pt-process-img\"><img decoding=\"async\" src=\"https:\/\/medicate.peacefulqode.com\/wp-content\/uploads\/2022\/03\/3-1-1.png\" alt=\"medicate\" \/> <\/div>        <div class=\"pt-process-number\">\r\n            <span>03<\/span>\r\n        <\/div>\r\n    <\/div>\r\n\r\n    <div class=\"pt-process-step-info\">\r\n            <h5 class=\"pt-process-title\">Asginaci\u00f3n de especialidad o tratamiento<\/h5>            <span class=\"pt-process-sub-title\"><\/span>\r\n\r\n        <div class=\"pt-process-description\">\r\n                        <p>Lorem Ipsum is simply dummy text of the printing and typesetting industry.<\/p>\r\n        <\/div>\r\n\r\n    <\/div>\r\n    <\/div>\r\n\r\n<!-- structure -->\r\n\r\n\r\n\r\n\r\n\r\n\r\n\r\n\t\t\t\t<\/div>\n\t\t\t\t<\/div>\n\t\t\t\t\t<\/div>\n\t\t<\/div>\n\t\t\t\t<div class=\"elementor-column elementor-col-25 elementor-inner-column elementor-element elementor-element-7fdd64b\" data-id=\"7fdd64b\" data-element_type=\"column\">\n\t\t\t<div class=\"elementor-widget-wrap elementor-element-populated\">\n\t\t\t\t\t\t<div class=\"elementor-element elementor-element-e8d8d35 elementor-widget elementor-widget-Process_Step\" data-id=\"e8d8d35\" data-element_type=\"widget\" data-settings=\"{&quot;_animation&quot;:&quot;none&quot;}\" data-widget_type=\"Process_Step.default\">\n\t\t\t\t<div class=\"elementor-widget-container\">\n\t\t\t\t\t\r\n<!-- structure -->\r\n<div class=\"pt-process-step pt-process-style-2 text-center\">\r\n    \r\n    <div class=\"pt-process-media\">\r\n    <div class=\"pt-process-img\"><img decoding=\"async\" src=\"https:\/\/medicate.peacefulqode.com\/wp-content\/uploads\/2022\/02\/4-1.png\" alt=\"medicate\" \/> <\/div>        <div class=\"pt-process-number\">\r\n            <span>04<\/span>\r\n        <\/div>\r\n    <\/div>\r\n\r\n    <div class=\"pt-process-step-info\">\r\n            <h5 class=\"pt-process-title\">Ingreso o egreso al hospital<\/h5>            <span class=\"pt-process-sub-title\"><\/span>\r\n\r\n        <div class=\"pt-process-description\">\r\n                        <p>Lorem Ipsum is simply dummy text of the printing and typesetting industry.<\/p>\r\n        <\/div>\r\n\r\n    <\/div>\r\n    <\/div>\r\n\r\n<!-- structure -->\r\n\r\n\r\n\r\n\r\n\r\n\r\n\r\n\t\t\t\t<\/div>\n\t\t\t\t<\/div>\n\t\t\t\t\t<\/div>\n\t\t<\/div>\n\t\t\t\t\t<\/div>\n\t\t<\/div>\n\t\t\t\t\t<\/div>\n\t\t<\/div>\n\t\t\t\t\t<\/div>\n\t\t<\/div>\n\t\t\t\t<\/div>\n\t\t","protected":false},"excerpt":{"rendered":"<p>Especialidades Nuestras Especialidades Especialidades con las que contamos Medicina interna Ver m\u00e1s Cirugia Ver m\u00e1s Traumatolog\u00eda y Ortopedia Ver m\u00e1s Ginecoobstetricia Ver m\u00e1s Pediatr\u00eda Ver m\u00e1s Un gran lugar de centro m\u00e9dico hospitalario y atenci\u00f3n m\u00e9dica. Cont\u00e1ctanos Pasos Proceso de atenci\u00f3n 01 Chequeo o Diagn\u00f3stico Translator\u00a0\u00a0\u00a0 \u00a0 02 An\u00e1lisis y ex\u00e1menes Lorem Ipsum is simply [&hellip;]<\/p>\n","protected":false},"author":1,"featured_media":0,"parent":0,"menu_order":0,"comment_status":"closed","ping_status":"closed","template":"","meta":{"_acf_changed":false,"footnotes":""},"class_list":["post-2711","page","type-page","status-publish","hentry"],"acf":[],"_links":{"self":[{"href":"http:\/\/hospitalcoban.gob.gt\/index.php\/wp-json\/wp\/v2\/pages\/2711","targetHints":{"allow":["GET"]}}],"collection":[{"href":"http:\/\/hospitalcoban.gob.gt\/index.php\/wp-json\/wp\/v2\/pages"}],"about":[{"href":"http:\/\/hospitalcoban.gob.gt\/index.php\/wp-json\/wp\/v2\/types\/page"}],"author":[{"embeddable":true,"href":"http:\/\/hospitalcoban.gob.gt\/index.php\/wp-json\/wp\/v2\/users\/1"}],"replies":[{"embeddable":true,"href":"http:\/\/hospitalcoban.gob.gt\/index.php\/wp-json\/wp\/v2\/comments?post=2711"}],"version-history":[{"count":35,"href":"http:\/\/hospitalcoban.gob.gt\/index.php\/wp-json\/wp\/v2\/pages\/2711\/revisions"}],"predecessor-version":[{"id":17667,"href":"http:\/\/hospitalcoban.gob.gt\/index.php\/wp-json\/wp\/v2\/pages\/2711\/revisions\/17667"}],"wp:attachment":[{"href":"http:\/\/hospitalcoban.gob.gt\/index.php\/wp-json\/wp\/v2\/media?parent=2711"}],"curies":[{"name":"wp","href":"https:\/\/api.w.org\/{rel}","templated":true}]}}