{"id":18235,"date":"2024-05-14T17:32:49","date_gmt":"2024-05-14T23:32:49","guid":{"rendered":"http:\/\/hospitalcoban.gob.gt\/?page_id=18235"},"modified":"2025-10-22T17:59:54","modified_gmt":"2025-10-22T23:59:54","slug":"queja-o-sugerencia-del-personal-de-salud","status":"publish","type":"page","link":"http:\/\/hospitalcoban.gob.gt\/index.php\/queja-o-sugerencia-del-personal-de-salud\/","title":{"rendered":"QUEJA O SUGERENCIA DEL PERSONAL DE SALUD"},"content":{"rendered":"\t\t<div data-elementor-type=\"wp-page\" data-elementor-id=\"18235\" class=\"elementor elementor-18235\" data-elementor-post-type=\"page\">\n\t\t\t\t<div class=\"elementor-element elementor-element-c8d030e e-flex e-con-boxed e-con e-parent\" data-id=\"c8d030e\" data-element_type=\"container\" data-settings=\"{&quot;background_background&quot;:&quot;classic&quot;}\">\n\t\t\t\t\t<div class=\"e-con-inner\">\n\t\t\t\t<div class=\"elementor-element elementor-element-d642d10 elementor-widget elementor-widget-image\" data-id=\"d642d10\" data-element_type=\"widget\" data-widget_type=\"image.default\">\n\t\t\t\t<div class=\"elementor-widget-container\">\n\t\t\t\t\t\t\t\t\t\t\t\t\t\t\t<img fetchpriority=\"high\" decoding=\"async\" width=\"589\" height=\"332\" src=\"http:\/\/hospitalcoban.gob.gt\/wp-content\/uploads\/2024\/04\/37cce55d-16b5-4f86-a745-caa6268b8955.png\" class=\"attachment-full size-full wp-image-18143\" alt=\"\" srcset=\"http:\/\/hospitalcoban.gob.gt\/wp-content\/uploads\/2024\/04\/37cce55d-16b5-4f86-a745-caa6268b8955.png 589w, http:\/\/hospitalcoban.gob.gt\/wp-content\/uploads\/2024\/04\/37cce55d-16b5-4f86-a745-caa6268b8955-300x169.png 300w\" sizes=\"(max-width: 589px) 100vw, 589px\" \/>\t\t\t\t\t\t\t\t\t\t\t\t\t\t\t<\/div>\n\t\t\t\t<\/div>\n\t\t\t\t<div class=\"elementor-element elementor-element-08a0ad1 eael-wpforms-labels-yes eael-wpforms-form-button-custom elementor-widget elementor-widget-eael-wpforms\" data-id=\"08a0ad1\" data-element_type=\"widget\" data-widget_type=\"eael-wpforms.default\">\n\t\t\t\t<div class=\"elementor-widget-container\">\n\t\t\t\t\t            <div class=\"eael-contact-form eael-wpforms eael-wpforms-align-center\">\n                                <div class=\"wpforms-container wpforms-container-full wpforms-render-modern\" id=\"wpforms-18216\"><form id=\"wpforms-form-18216\" class=\"wpforms-validate wpforms-form wpforms-ajax-form\" data-formid=\"18216\" method=\"post\" enctype=\"multipart\/form-data\" action=\"\/index.php\/wp-json\/wp\/v2\/pages\/18235\" data-token=\"2d3ba989f9756d5e38df682b2a552cf1\"><div class=\"wpforms-head-container\"><div class=\"wpforms-title\">Queja o sugerencia del personal de salud<\/div><div class=\"wpforms-description\">Con el objetivo de mejorar la atenci\u00f3n brindada durante la estad\u00eda en el Hospital Regional de Cob\u00e1n, se le solicita la colaboraci\u00f3n respondiendo este cuestionario, gracias por su comprensi\u00f3n y colaboraci\u00f3n.   Su opini\u00f3n y datos personales en esta encuesta son estrictamente confidenciales y en ning\u00fan caso accesible a otras personas.<\/div><\/div><noscript class=\"wpforms-error-noscript\">Please enable JavaScript in your browser to complete this form.<\/noscript><div class=\"wpforms-hidden\" id=\"wpforms-error-noscript\">Please enable JavaScript in your browser to complete this form.<\/div><div class=\"wpforms-field-container\"><div id=\"wpforms-18216-field_41-container\" class=\"wpforms-field wpforms-field-layout\" data-field-id=\"41\"><label class=\"wpforms-field-label wpforms-label-hide\" for=\"wpforms-18216-field_41\" aria-hidden=\"false\">Layout<\/label><div class=\"wpforms-field-layout-columns wpforms-field-layout-preset-50-50\"><div class=\"wpforms-layout-column wpforms-layout-column-50\"><div id=\"wpforms-18216-field_1-container\" class=\"wpforms-field wpforms-field-name\" data-field-id=\"1\"><label class=\"wpforms-field-label\" for=\"wpforms-18216-field_1\">Nombre(s) y Apellido(s)<\/label><input type=\"text\" id=\"wpforms-18216-field_1\" class=\"wpforms-field-medium\" name=\"wpforms[fields][1]\" aria-errormessage=\"wpforms-18216-field_1-error\" ><\/div><\/div><div class=\"wpforms-layout-column wpforms-layout-column-50\"><div id=\"wpforms-18216-field_38-container\" class=\"wpforms-field wpforms-field-select wpforms-field-select-style-modern\" data-field-id=\"38\"><label class=\"wpforms-field-label\" for=\"wpforms-18216-field_38\">\u00bfQu\u00e9 deseas presentar? <span class=\"wpforms-required-label\" aria-hidden=\"true\">*<\/span><\/label><select id=\"wpforms-18216-field_38\" class=\"wpforms-field-medium wpforms-field-required choicesjs-select\" data-size-class=\"wpforms-field-row wpforms-field-medium\" data-search-enabled=\"\" name=\"wpforms[fields][38]\" required=\"required\"><option value=\"\" class=\"placeholder\" disabled >Queja<\/option><option value=\"Queja\" >Queja<\/option><option value=\"Sugerencia\" >Sugerencia<\/option><option value=\"Agradecimiento\"  selected='selected'>Agradecimiento<\/option><\/select><\/div><\/div><\/div><\/div><div id=\"wpforms-18216-field_4-container\" class=\"wpforms-field wpforms-field-layout\" data-field-id=\"4\"><label class=\"wpforms-field-label wpforms-label-hide\" for=\"wpforms-18216-field_4\" aria-hidden=\"false\">Layout<\/label><div class=\"wpforms-field-layout-columns wpforms-field-layout-preset-50-50\"><div class=\"wpforms-layout-column wpforms-layout-column-50\"><div id=\"wpforms-18216-field_3-container\" class=\"wpforms-field wpforms-field-select wpforms-conditional-trigger wpforms-field-select-style-modern\" data-field-id=\"3\"><label class=\"wpforms-field-label\" for=\"wpforms-18216-field_3\">\u00bfServicio o unidad hospitalaria donde recibi\u00f3 atenci\u00f3n?  <span class=\"wpforms-required-label\" aria-hidden=\"true\">*<\/span><\/label><select id=\"wpforms-18216-field_3\" class=\"wpforms-field-medium wpforms-field-required choicesjs-select\" data-size-class=\"wpforms-field-row wpforms-field-medium\" data-search-enabled=\"1\" name=\"wpforms[fields][3]\" required=\"required\"><option value=\"\" class=\"placeholder\" disabled  selected='selected'>CONSULTA EXTERNA<\/option><option value=\"CONSULTA EXTERNA\" >CONSULTA EXTERNA<\/option><option value=\"EMERGENCIA GENERAL\" >EMERGENCIA GENERAL<\/option><option value=\"MEDICINA DE HOMBRES\" >MEDICINA DE HOMBRES<\/option><option value=\"MEDICINA DE MUJERES\" >MEDICINA DE MUJERES<\/option><option value=\"CIRUGIA DE HOMBRES\" >CIRUGIA DE HOMBRES<\/option><option value=\"CIRUGIA DE MUJERES\" >CIRUGIA DE MUJERES<\/option><option value=\"TRAUMATOLOGIA DE HOMBRES\" >TRAUMATOLOGIA DE HOMBRES<\/option><option value=\"TRAUMATOLOGIA DE MUJERES\" >TRAUMATOLOGIA DE MUJERES<\/option><option value=\"GINECOLOGIA\" >GINECOLOGIA<\/option><option value=\"POST PARTO PATOLOGICO\" >POST PARTO PATOLOGICO<\/option><option value=\"PEDIATRICA\" >PEDIATRICA<\/option><option value=\"CONSULTA GENERAL\" >CONSULTA GENERAL<\/option><option value=\"ODONTOLOGIA\" >ODONTOLOGIA<\/option><option value=\"EMERGENCIA GINECOBSTETRICIA\" >EMERGENCIA GINECOBSTETRICIA<\/option><option value=\"LABORATORIO CLINICO\" >LABORATORIO CLINICO<\/option><option value=\"BANCO DE SANGRE\" >BANCO DE SANGRE<\/option><option value=\"RAYOS \u00a0X\" >RAYOS \u00a0X<\/option><option value=\"CENTRAL DE EQUIPO\" >CENTRAL DE EQUIPO<\/option><option value=\"RECUPERACION POST OPERATORIO\" >RECUPERACION POST OPERATORIO<\/option><option value=\"CIRUGIA PEDITRICA\" >CIRUGIA PEDITRICA<\/option><option value=\"NUTRICION\" >NUTRICION<\/option><option value=\"POST PARTO NORMAL\" >POST PARTO NORMAL<\/option><option value=\"MEDICINA GENERAL\" >MEDICINA GENERAL<\/option><option value=\"AISLAMIENTO DE MUJERES (SEPTICO)\" >AISLAMIENTO DE MUJERES (SEPTICO)<\/option><option value=\"AISLAMIENTO PEDIATRICO\" >AISLAMIENTO PEDIATRICO<\/option><option value=\"RECIEN NACIDOS\" >RECIEN NACIDOS<\/option><option value=\"RECIEN NACIDOS - SEPTICO\" >RECIEN NACIDOS - SEPTICO<\/option><option value=\"UCIP PEDIATRIA\" >UCIP PEDIATRIA<\/option><option value=\"COMPLICACIONES PERINATALES\" >COMPLICACIONES PERINATALES<\/option><option value=\"PARTOS\" >PARTOS<\/option><option value=\"SALA OPERACIONES\" >SALA OPERACIONES<\/option><option value=\"PEDIATRIA\" >PEDIATRIA<\/option><option value=\"UNIDAD DE CUIDADOS INTENSIVOS ADULTOS\" >UNIDAD DE CUIDADOS INTENSIVOS ADULTOS<\/option><option value=\"OBSERVACION EMERGENCIA\" >OBSERVACION EMERGENCIA<\/option><option value=\"CIRUGIA PEDIATRICA\" >CIRUGIA PEDIATRICA<\/option><option value=\"TRAUMA PEDIATRICO\" >TRAUMA PEDIATRICO<\/option><option value=\"COMPLICACIONES PRENATALES\" >COMPLICACIONES PRENATALES<\/option><option value=\"MATERNIDAD\" >MATERNIDAD<\/option><option value=\"UNIDAD DE CUIDADOS INTENSIVOS PEDIATRICOS\" >UNIDAD DE CUIDADOS INTENSIVOS PEDIATRICOS<\/option><option value=\"HOGAR MATERNO\" >HOGAR MATERNO<\/option><option value=\"UNIDAD DE CUIDADOS INTENSIVOS NEONATALES\" >UNIDAD DE CUIDADOS INTENSIVOS NEONATALES<\/option><option value=\"AISLAMIENTO\u00a0COVID\" >AISLAMIENTO\u00a0COVID<\/option><option value=\"Otro\" >Otro<\/option><\/select><\/div><div id=\"wpforms-18216-field_45-container\" class=\"wpforms-field wpforms-field-text\" data-field-id=\"45\"><label class=\"wpforms-field-label\" for=\"wpforms-18216-field_45\">\u00bfQu\u00e9 recurso humano considera que hace falta en tu servicio? (Ejemplo: m\u00e9dicos, enfermero t\u00e9cnico, auxiliar de enfermeria, intendencia, seguridad, etc., ninguno) <span class=\"wpforms-required-label\" aria-hidden=\"true\">*<\/span><\/label><input type=\"text\" id=\"wpforms-18216-field_45\" class=\"wpforms-field-medium wpforms-field-required\" name=\"wpforms[fields][45]\" aria-errormessage=\"wpforms-18216-field_45-error\" required><\/div><div id=\"wpforms-18216-field_42-container\" class=\"wpforms-field wpforms-field-text\" data-field-id=\"42\"><label class=\"wpforms-field-label\" for=\"wpforms-18216-field_42\">\u00bfQu\u00e9 dificultades y obst\u00e1culos te ha impedido dar una adecuada atenci\u00f3n a los pacientes o usuarios? <span class=\"wpforms-required-label\" aria-hidden=\"true\">*<\/span><\/label><input type=\"text\" id=\"wpforms-18216-field_42\" class=\"wpforms-field-medium wpforms-field-required\" name=\"wpforms[fields][42]\" aria-errormessage=\"wpforms-18216-field_42-error\" required><\/div><\/div><div class=\"wpforms-layout-column wpforms-layout-column-50\"><div id=\"wpforms-18216-field_39-container\" class=\"wpforms-field wpforms-field-text wpforms-conditional-field wpforms-conditional-show\" data-field-id=\"39\" style=\"display:none;\"><label class=\"wpforms-field-label\" for=\"wpforms-18216-field_39\">Otro: <span class=\"wpforms-required-label\" aria-hidden=\"true\">*<\/span><\/label><input type=\"text\" id=\"wpforms-18216-field_39\" class=\"wpforms-field-medium wpforms-field-required\" name=\"wpforms[fields][39]\" aria-errormessage=\"wpforms-18216-field_39-error\" required><\/div><div id=\"wpforms-18216-field_43-container\" class=\"wpforms-field wpforms-field-text\" data-field-id=\"43\"><label class=\"wpforms-field-label\" for=\"wpforms-18216-field_43\">\u00bfQu\u00e9 recursos materiales le hacen falta para realizar tu trabajo? (Ejemplo: medicamentos, gluc\u00f3metro, Electrocardiograma, monitores, etc., ninguno) <span class=\"wpforms-required-label\" aria-hidden=\"true\">*<\/span><\/label><input type=\"text\" id=\"wpforms-18216-field_43\" class=\"wpforms-field-medium wpforms-field-required\" name=\"wpforms[fields][43]\" aria-errormessage=\"wpforms-18216-field_43-error\" required><\/div><div id=\"wpforms-18216-field_44-container\" class=\"wpforms-field wpforms-field-text\" data-field-id=\"44\"><label class=\"wpforms-field-label\" for=\"wpforms-18216-field_44\">\u00bfQu\u00e9 soluciones propones para mejorar tu \u00e1rea de trabajo en el hospital? <span class=\"wpforms-required-label\" aria-hidden=\"true\">*<\/span><\/label><input type=\"text\" id=\"wpforms-18216-field_44\" class=\"wpforms-field-medium wpforms-field-required\" name=\"wpforms[fields][44]\" aria-errormessage=\"wpforms-18216-field_44-error\" required><\/div><div id=\"wpforms-18216-field_46-container\" class=\"wpforms-field wpforms-field-text\" data-field-id=\"46\"><label class=\"wpforms-field-label\" for=\"wpforms-18216-field_46\">Si deseas seguimiento a tu queja y necesitas una respuesta, indica tu n\u00famero de tel\u00e9fono o correo electr\u00f3nico (opcional) <\/label><input type=\"text\" id=\"wpforms-18216-field_46\" class=\"wpforms-field-medium\" name=\"wpforms[fields][46]\" aria-errormessage=\"wpforms-18216-field_46-error\" ><\/div><\/div><\/div><\/div><\/div><!-- .wpforms-field-container --><div class=\"wpforms-recaptcha-container wpforms-is-recaptcha wpforms-is-recaptcha-type-v3\" ><input type=\"hidden\" name=\"wpforms[recaptcha]\" value=\"\"><\/div><div class=\"wpforms-submit-container\" ><input type=\"hidden\" name=\"wpforms[id]\" value=\"18216\"><input type=\"hidden\" name=\"wpforms[author]\" value=\"1\"><button type=\"submit\" name=\"wpforms[submit]\" id=\"wpforms-submit-18216\" class=\"wpforms-submit\" data-alt-text=\"Enviando...\" data-submit-text=\"Enviar\" aria-live=\"assertive\" value=\"wpforms-submit\">Enviar<\/button><img decoding=\"async\" src=\"http:\/\/hospitalcoban.gob.gt\/wp-content\/plugins\/wpforms\/assets\/images\/submit-spin.svg\" class=\"wpforms-submit-spinner\" style=\"display: none;\" width=\"26\" height=\"26\" alt=\"Loading\"><\/div><\/form><\/div>  <!-- .wpforms-container -->            <\/div>\n\t\t\t\t<\/div>\n\t\t\t\t<\/div>\n\t\t\t\t\t<\/div>\n\t\t\t\t<\/div>\n\t\t\t\t<\/div>\n\t\t","protected":false},"excerpt":{"rendered":"<p>Queja o sugerencia del personal de saludCon el objetivo de mejorar la atenci\u00f3n brindada durante la estad\u00eda en el Hospital Regional de Cob\u00e1n, se le solicita la colaboraci\u00f3n respondiendo este cuestionario, gracias por su comprensi\u00f3n y colaboraci\u00f3n. Su opini\u00f3n y datos personales en esta encuesta son estrictamente confidenciales y en ning\u00fan caso accesible a otras [&hellip;]<\/p>\n","protected":false},"author":1,"featured_media":0,"parent":0,"menu_order":0,"comment_status":"closed","ping_status":"closed","template":"","meta":{"_acf_changed":false,"footnotes":""},"class_list":["post-18235","page","type-page","status-publish","hentry"],"acf":[],"_links":{"self":[{"href":"http:\/\/hospitalcoban.gob.gt\/index.php\/wp-json\/wp\/v2\/pages\/18235","targetHints":{"allow":["GET"]}}],"collection":[{"href":"http:\/\/hospitalcoban.gob.gt\/index.php\/wp-json\/wp\/v2\/pages"}],"about":[{"href":"http:\/\/hospitalcoban.gob.gt\/index.php\/wp-json\/wp\/v2\/types\/page"}],"author":[{"embeddable":true,"href":"http:\/\/hospitalcoban.gob.gt\/index.php\/wp-json\/wp\/v2\/users\/1"}],"replies":[{"embeddable":true,"href":"http:\/\/hospitalcoban.gob.gt\/index.php\/wp-json\/wp\/v2\/comments?post=18235"}],"version-history":[{"count":8,"href":"http:\/\/hospitalcoban.gob.gt\/index.php\/wp-json\/wp\/v2\/pages\/18235\/revisions"}],"predecessor-version":[{"id":18345,"href":"http:\/\/hospitalcoban.gob.gt\/index.php\/wp-json\/wp\/v2\/pages\/18235\/revisions\/18345"}],"wp:attachment":[{"href":"http:\/\/hospitalcoban.gob.gt\/index.php\/wp-json\/wp\/v2\/media?parent=18235"}],"curies":[{"name":"wp","href":"https:\/\/api.w.org\/{rel}","templated":true}]}}