{"id":18128,"date":"2024-04-29T19:01:52","date_gmt":"2024-04-30T01:01:52","guid":{"rendered":"http:\/\/hospitalcoban.gob.gt\/?page_id=18128"},"modified":"2024-05-14T18:34:57","modified_gmt":"2024-05-15T00:34:57","slug":"sugerencias-y-quejas","status":"publish","type":"page","link":"http:\/\/hospitalcoban.gob.gt\/index.php\/sugerencias-y-quejas\/","title":{"rendered":"Sugerencias y Quejas"},"content":{"rendered":"\t\t<div data-elementor-type=\"wp-page\" data-elementor-id=\"18128\" class=\"elementor elementor-18128\" data-elementor-post-type=\"page\">\n\t\t\t\t<div class=\"elementor-element elementor-element-cf840ac e-flex e-con-boxed e-con e-parent\" data-id=\"cf840ac\" data-element_type=\"container\">\n\t\t\t\t\t<div class=\"e-con-inner\">\n\t\t\t\t<div class=\"elementor-element elementor-element-602ad08 elementor-widget elementor-widget-image\" data-id=\"602ad08\" data-element_type=\"widget\" data-widget_type=\"image.default\">\n\t\t\t\t<div class=\"elementor-widget-container\">\n\t\t\t\t\t\t\t\t\t\t\t\t\t\t\t<img fetchpriority=\"high\" decoding=\"async\" width=\"525\" height=\"296\" src=\"http:\/\/hospitalcoban.gob.gt\/wp-content\/uploads\/2024\/04\/37cce55d-16b5-4f86-a745-caa6268b8955.png\" class=\"attachment-large size-large wp-image-18143\" alt=\"\" srcset=\"http:\/\/hospitalcoban.gob.gt\/wp-content\/uploads\/2024\/04\/37cce55d-16b5-4f86-a745-caa6268b8955.png 589w, http:\/\/hospitalcoban.gob.gt\/wp-content\/uploads\/2024\/04\/37cce55d-16b5-4f86-a745-caa6268b8955-300x169.png 300w\" sizes=\"(max-width: 525px) 100vw, 525px\" \/>\t\t\t\t\t\t\t\t\t\t\t\t\t\t\t<\/div>\n\t\t\t\t<\/div>\n\t\t\t\t<div class=\"elementor-element elementor-element-7eddfdf elementor-widget elementor-widget-heading\" data-id=\"7eddfdf\" data-element_type=\"widget\" data-widget_type=\"heading.default\">\n\t\t\t\t<div class=\"elementor-widget-container\">\n\t\t\t\t\t<h4 class=\"elementor-heading-title elementor-size-default\">Con el objetivo de mejorar la atenci\u00f3n brindada durante la estad\u00eda en el Hospital Regional de Cob\u00e1n, se le solicita la colaboraci\u00f3n respondiendo este cuestionario, gracias por su comprensi\u00f3n y colaboraci\u00f3n.   Su opini\u00f3n y datos personales en esta encuesta son estrictamente confidenciales y en ning\u00fan caso accesible a otras personas.<\/h4>\t\t\t\t<\/div>\n\t\t\t\t<\/div>\n\t\t\t\t\t<\/div>\n\t\t\t\t<\/div>\n\t\t<div class=\"elementor-element elementor-element-9dc11aa e-flex e-con-boxed e-con e-parent\" data-id=\"9dc11aa\" data-element_type=\"container\">\n\t\t\t\t\t<div class=\"e-con-inner\">\n\t\t\t\t<div class=\"elementor-element elementor-element-553d98a elementor-widget elementor-widget-heading\" data-id=\"553d98a\" data-element_type=\"widget\" data-widget_type=\"heading.default\">\n\t\t\t\t<div class=\"elementor-widget-container\">\n\t\t\t\t\t<h1 class=\"elementor-heading-title elementor-size-default\">TU OPINI\u00d3N ES IMPORTANTE\n!<\/h1>\t\t\t\t<\/div>\n\t\t\t\t<\/div>\n\t\t\t\t\t<\/div>\n\t\t\t\t<\/div>\n\t\t<div class=\"elementor-element elementor-element-d905082 e-grid e-con-full e-con e-parent\" data-id=\"d905082\" data-element_type=\"container\">\n\t\t\t\t<div class=\"elementor-element elementor-element-4a3dcc1 elementor-view-default elementor-position-top elementor-mobile-position-top elementor-widget elementor-widget-icon-box\" data-id=\"4a3dcc1\" data-element_type=\"widget\" data-widget_type=\"icon-box.default\">\n\t\t\t\t<div class=\"elementor-widget-container\">\n\t\t\t\t\t\t\t<div class=\"elementor-icon-box-wrapper\">\n\n\t\t\t\t\t\t<div class=\"elementor-icon-box-icon\">\n\t\t\t\t<a href=\"\/encuesta-opinion-paciente-estadia-hospital\/\" class=\"elementor-icon\" tabindex=\"-1\" aria-label=\"Opini\u00f3n del paciente sobre estad\u00eda hospitalaria\">\n\t\t\t\t<i aria-hidden=\"true\" class=\" flaticon-ct-scan\"><\/i>\t\t\t\t<\/a>\n\t\t\t<\/div>\n\t\t\t\n\t\t\t\t\t\t<div class=\"elementor-icon-box-content\">\n\n\t\t\t\t\t\t\t\t\t<h4 class=\"elementor-icon-box-title\">\n\t\t\t\t\t\t<a href=\"\/encuesta-opinion-paciente-estadia-hospital\/\" >\n\t\t\t\t\t\t\tOpini\u00f3n del paciente sobre estad\u00eda hospitalaria\t\t\t\t\t\t<\/a>\n\t\t\t\t\t<\/h4>\n\t\t\t\t\n\t\t\t\t\n\t\t\t<\/div>\n\t\t\t\n\t\t<\/div>\n\t\t\t\t\t\t<\/div>\n\t\t\t\t<\/div>\n\t\t\t\t<div class=\"elementor-element elementor-element-44545a0 elementor-view-default elementor-position-top elementor-mobile-position-top elementor-widget elementor-widget-icon-box\" data-id=\"44545a0\" data-element_type=\"widget\" data-widget_type=\"icon-box.default\">\n\t\t\t\t<div class=\"elementor-widget-container\">\n\t\t\t\t\t\t\t<div class=\"elementor-icon-box-wrapper\">\n\n\t\t\t\t\t\t<div class=\"elementor-icon-box-icon\">\n\t\t\t\t<a href=\"http:\/\/hospitalcoban.gob.gt\/queja-sugerencia-o-agradecimiento-de-usuarios\/\" class=\"elementor-icon\" tabindex=\"-1\" aria-label=\"Queja,  sugerencia o agradecimiento de usuarios\">\n\t\t\t\t<i aria-hidden=\"true\" class=\" flaticon-care\"><\/i>\t\t\t\t<\/a>\n\t\t\t<\/div>\n\t\t\t\n\t\t\t\t\t\t<div class=\"elementor-icon-box-content\">\n\n\t\t\t\t\t\t\t\t\t<h4 class=\"elementor-icon-box-title\">\n\t\t\t\t\t\t<a href=\"http:\/\/hospitalcoban.gob.gt\/queja-sugerencia-o-agradecimiento-de-usuarios\/\" >\n\t\t\t\t\t\t\tQueja,  sugerencia o agradecimiento de usuarios\t\t\t\t\t\t<\/a>\n\t\t\t\t\t<\/h4>\n\t\t\t\t\n\t\t\t\t\n\t\t\t<\/div>\n\t\t\t\n\t\t<\/div>\n\t\t\t\t\t\t<\/div>\n\t\t\t\t<\/div>\n\t\t\t\t<div class=\"elementor-element elementor-element-8a8244d elementor-view-default elementor-position-top elementor-mobile-position-top elementor-widget elementor-widget-icon-box\" data-id=\"8a8244d\" data-element_type=\"widget\" data-widget_type=\"icon-box.default\">\n\t\t\t\t<div class=\"elementor-widget-container\">\n\t\t\t\t\t\t\t<div class=\"elementor-icon-box-wrapper\">\n\n\t\t\t\t\t\t<div class=\"elementor-icon-box-icon\">\n\t\t\t\t<a href=\"http:\/\/hospitalcoban.gob.gt\/encuesta-de-satisfaccion-de-usuarios\/\" class=\"elementor-icon\" tabindex=\"-1\" aria-label=\"Encuesta de satisfacci\u00f3n de usuarios\">\n\t\t\t\t<i aria-hidden=\"true\" class=\" flaticon-examination\"><\/i>\t\t\t\t<\/a>\n\t\t\t<\/div>\n\t\t\t\n\t\t\t\t\t\t<div class=\"elementor-icon-box-content\">\n\n\t\t\t\t\t\t\t\t\t<h4 class=\"elementor-icon-box-title\">\n\t\t\t\t\t\t<a href=\"http:\/\/hospitalcoban.gob.gt\/encuesta-de-satisfaccion-de-usuarios\/\" >\n\t\t\t\t\t\t\tEncuesta de satisfacci\u00f3n de usuarios\t\t\t\t\t\t<\/a>\n\t\t\t\t\t<\/h4>\n\t\t\t\t\n\t\t\t\t\n\t\t\t<\/div>\n\t\t\t\n\t\t<\/div>\n\t\t\t\t\t\t<\/div>\n\t\t\t\t<\/div>\n\t\t\t\t<div class=\"elementor-element elementor-element-836b7c9 elementor-view-default elementor-position-top elementor-mobile-position-top elementor-widget elementor-widget-icon-box\" data-id=\"836b7c9\" data-element_type=\"widget\" data-widget_type=\"icon-box.default\">\n\t\t\t\t<div class=\"elementor-widget-container\">\n\t\t\t\t\t\t\t<div class=\"elementor-icon-box-wrapper\">\n\n\t\t\t\t\t\t<div class=\"elementor-icon-box-icon\">\n\t\t\t\t<a href=\"http:\/\/hospitalcoban.gob.gt\/queja-o-sugerencia-del-personal-de-salud\/\" class=\"elementor-icon\" tabindex=\"-1\" aria-label=\"Queja o sugerencia del personal de salud\">\n\t\t\t\t<i aria-hidden=\"true\" class=\" flaticon-medical-prescription\"><\/i>\t\t\t\t<\/a>\n\t\t\t<\/div>\n\t\t\t\n\t\t\t\t\t\t<div class=\"elementor-icon-box-content\">\n\n\t\t\t\t\t\t\t\t\t<h4 class=\"elementor-icon-box-title\">\n\t\t\t\t\t\t<a href=\"http:\/\/hospitalcoban.gob.gt\/queja-o-sugerencia-del-personal-de-salud\/\" >\n\t\t\t\t\t\t\tQueja o sugerencia del personal de salud\t\t\t\t\t\t<\/a>\n\t\t\t\t\t<\/h4>\n\t\t\t\t\n\t\t\t\t\n\t\t\t<\/div>\n\t\t\t\n\t\t<\/div>\n\t\t\t\t\t\t<\/div>\n\t\t\t\t<\/div>\n\t\t\t\t<\/div>\n\t\t\t\t<\/div>\n\t\t","protected":false},"excerpt":{"rendered":"<p>Con el objetivo de mejorar la atenci\u00f3n brindada durante la estad\u00eda en el Hospital Regional de Cob\u00e1n, se le solicita la colaboraci\u00f3n respondiendo este cuestionario, gracias por su comprensi\u00f3n y colaboraci\u00f3n. Su opini\u00f3n y datos personales en esta encuesta son estrictamente confidenciales y en ning\u00fan caso accesible a otras personas. TU OPINI\u00d3N ES IMPORTANTE ! [&hellip;]<\/p>\n","protected":false},"author":1,"featured_media":0,"parent":0,"menu_order":0,"comment_status":"closed","ping_status":"closed","template":"","meta":{"_acf_changed":false,"footnotes":""},"class_list":["post-18128","page","type-page","status-publish","hentry"],"acf":[],"_links":{"self":[{"href":"http:\/\/hospitalcoban.gob.gt\/index.php\/wp-json\/wp\/v2\/pages\/18128","targetHints":{"allow":["GET"]}}],"collection":[{"href":"http:\/\/hospitalcoban.gob.gt\/index.php\/wp-json\/wp\/v2\/pages"}],"about":[{"href":"http:\/\/hospitalcoban.gob.gt\/index.php\/wp-json\/wp\/v2\/types\/page"}],"author":[{"embeddable":true,"href":"http:\/\/hospitalcoban.gob.gt\/index.php\/wp-json\/wp\/v2\/users\/1"}],"replies":[{"embeddable":true,"href":"http:\/\/hospitalcoban.gob.gt\/index.php\/wp-json\/wp\/v2\/comments?post=18128"}],"version-history":[{"count":55,"href":"http:\/\/hospitalcoban.gob.gt\/index.php\/wp-json\/wp\/v2\/pages\/18128\/revisions"}],"predecessor-version":[{"id":18260,"href":"http:\/\/hospitalcoban.gob.gt\/index.php\/wp-json\/wp\/v2\/pages\/18128\/revisions\/18260"}],"wp:attachment":[{"href":"http:\/\/hospitalcoban.gob.gt\/index.php\/wp-json\/wp\/v2\/media?parent=18128"}],"curies":[{"name":"wp","href":"https:\/\/api.w.org\/{rel}","templated":true}]}}