{"id":17573,"date":"2023-05-25T22:06:49","date_gmt":"2023-05-25T20:06:49","guid":{"rendered":"http:\/\/hospitalcoban.gob.gt\/?page_id=17573"},"modified":"2023-08-04T12:02:37","modified_gmt":"2023-08-04T18:02:37","slug":"emergencias","status":"publish","type":"page","link":"http:\/\/hospitalcoban.gob.gt\/index.php\/servicios\/emergencias\/","title":{"rendered":"Emergencias"},"content":{"rendered":"\t\t<div data-elementor-type=\"wp-page\" data-elementor-id=\"17573\" class=\"elementor elementor-17573\" data-elementor-post-type=\"page\">\n\t\t\t\t\t\t<div class=\"elementor-section elementor-top-section elementor-element elementor-element-5256a7e elementor-section-stretched elementor-section-boxed elementor-section-height-default elementor-section-height-default\" data-id=\"5256a7e\" data-element_type=\"section\" data-settings=\"{&quot;stretch_section&quot;:&quot;section-stretched&quot;}\">\n\t\t\t\t\t\t<div class=\"elementor-container elementor-column-gap-default\">\n\t\t\t\t\t<div class=\"elementor-column elementor-col-33 elementor-top-column elementor-element elementor-element-1d1379c\" data-id=\"1d1379c\" data-element_type=\"column\">\n\t\t\t<div class=\"elementor-widget-wrap elementor-element-populated\">\n\t\t\t\t\t\t<div class=\"elementor-element elementor-element-ee0a014 elementor-widget elementor-widget-sidebar\" data-id=\"ee0a014\" data-element_type=\"widget\" data-widget_type=\"sidebar.default\">\n\t\t\t\t<div class=\"elementor-widget-container\">\n\t\t\t\t\t<div class=\"widget widget-port\"><h3 class=\"footer-title\">Cartera de servicios<\/h3><div class=\"menu-service-menu-container\"><ul id=\"menu-service-menu\" class=\"menu\"><li id=\"menu-item-17565\" class=\"menu-item menu-item-type-post_type menu-item-object-page menu-item-17565\"><a href=\"http:\/\/hospitalcoban.gob.gt\/index.php\/servicios\/consulta-externa\/\">Consulta Externa<\/a><\/li>\n<li id=\"menu-item-17604\" class=\"menu-item menu-item-type-post_type menu-item-object-page menu-item-17604\"><a href=\"http:\/\/hospitalcoban.gob.gt\/index.php\/servicios\/emergencias\/\">Emergencias<\/a><\/li>\n<li id=\"menu-item-17644\" class=\"menu-item menu-item-type-post_type menu-item-object-page menu-item-17644\"><a href=\"http:\/\/hospitalcoban.gob.gt\/index.php\/servicios\/encamamiento\/\">Encamamiento<\/a><\/li>\n<li id=\"menu-item-18057\" class=\"menu-item menu-item-type-post_type menu-item-object-page menu-item-18057\"><a href=\"http:\/\/hospitalcoban.gob.gt\/index.php\/servicios\/servicios-administrativos\/\">Servicios Administrativos<\/a><\/li>\n<li id=\"menu-item-18055\" class=\"menu-item menu-item-type-post_type menu-item-object-page menu-item-18055\"><a href=\"http:\/\/hospitalcoban.gob.gt\/index.php\/servicios\/servicios-institucionales\/\">Servicios de Instituciones estatales en el interior del Hospital<\/a><\/li>\n<li id=\"menu-item-18056\" class=\"menu-item menu-item-type-post_type menu-item-object-page menu-item-18056\"><a href=\"http:\/\/hospitalcoban.gob.gt\/index.php\/servicios\/servicios-de-apoyo\/\">Servicios De Apoyo<\/a><\/li>\n<\/ul><\/div><\/div>\t\t\t\t<\/div>\n\t\t\t\t<\/div>\n\t\t\t\t\t<\/div>\n\t\t<\/div>\n\t\t\t\t<div class=\"elementor-column elementor-col-66 elementor-top-column elementor-element elementor-element-b67a8c8\" data-id=\"b67a8c8\" data-element_type=\"column\">\n\t\t\t<div class=\"elementor-widget-wrap elementor-element-populated\">\n\t\t\t\t\t\t<div class=\"elementor-element elementor-element-74f2325 elementor-widget elementor-widget-image\" data-id=\"74f2325\" data-element_type=\"widget\" data-widget_type=\"image.default\">\n\t\t\t\t<div class=\"elementor-widget-container\">\n\t\t\t\t\t\t\t\t\t\t\t\t\t\t\t<img decoding=\"async\" src=\"http:\/\/localhost\/hospital\/wp-content\/uploads\/2023\/05\/328122380_1114288155932870_5093270124597364864_n.jpg\" title=\"\" alt=\"\" loading=\"lazy\" \/>\t\t\t\t\t\t\t\t\t\t\t\t\t\t\t<\/div>\n\t\t\t\t<\/div>\n\t\t\t\t<div class=\"elementor-element elementor-element-6c78655 elementor-widget elementor-widget-heading\" data-id=\"6c78655\" data-element_type=\"widget\" data-widget_type=\"heading.default\">\n\t\t\t\t<div class=\"elementor-widget-container\">\n\t\t\t\t\t<h4 class=\"elementor-heading-title elementor-size-default\">Servicio de Emergencias y Urgencias<\/h4>\t\t\t\t<\/div>\n\t\t\t\t<\/div>\n\t\t\t\t<div class=\"elementor-element elementor-element-1332a81 elementor-widget elementor-widget-text-editor\" data-id=\"1332a81\" data-element_type=\"widget\" data-widget_type=\"text-editor.default\">\n\t\t\t\t<div class=\"elementor-widget-container\">\n\t\t\t\t\t\t\t\t\t<p>Atenci\u00f3n de emergencias y urgencias para pacientes adultos, pacientes pedi\u00e1tricos y pacientes gineco-obst\u00e9tricas, observaci\u00f3n y cuarto de shock en \u00e1reas independientes. Contando con m\u00e9dicos generales y m\u00e9dicos especialistas en diferentes ramas de la medicina: Gineco-Obstetricia, Pediatr\u00eda, Cirug\u00eda General, Ortopedia Traumatolog\u00eda, Medicina interna y Anestesiolog\u00eda, adem\u00e1s de contar con apoyo de personal de enfermer\u00eda y personal t\u00e9cnico las 24 horas del d\u00eda. Adem\u00e1s, se cuenta con una cl\u00ednica de atenci\u00f3n a v\u00edctimas sobrevivientes de violencia sexual, que funciona las 24\/7.<\/p>\t\t\t\t\t\t\t\t<\/div>\n\t\t\t\t<\/div>\n\t\t\t\t\t<\/div>\n\t\t<\/div>\n\t\t\t\t\t<\/div>\n\t\t<\/div>\n\t\t\t\t<div class=\"elementor-section elementor-top-section elementor-element elementor-element-8dc3f52 elementor-section-stretched elementor-section-boxed elementor-section-height-default elementor-section-height-default\" data-id=\"8dc3f52\" data-element_type=\"section\" data-settings=\"{&quot;stretch_section&quot;:&quot;section-stretched&quot;}\">\n\t\t\t\t\t\t<div class=\"elementor-container elementor-column-gap-default\">\n\t\t\t\t\t<div class=\"elementor-column elementor-col-100 elementor-top-column elementor-element elementor-element-4b1b8ff\" data-id=\"4b1b8ff\" data-element_type=\"column\">\n\t\t\t<div class=\"elementor-widget-wrap elementor-element-populated\">\n\t\t\t\t\t\t<div class=\"elementor-section elementor-inner-section elementor-element elementor-element-1e1252e elementor-section-boxed elementor-section-height-default elementor-section-height-default\" data-id=\"1e1252e\" data-element_type=\"section\">\n\t\t\t\t\t\t<div class=\"elementor-container elementor-column-gap-default\">\n\t\t\t\t\t<div class=\"elementor-column elementor-col-100 elementor-inner-column elementor-element elementor-element-2ac1d03\" data-id=\"2ac1d03\" data-element_type=\"column\">\n\t\t\t<div class=\"elementor-widget-wrap elementor-element-populated\">\n\t\t\t\t\t\t<div class=\"elementor-element elementor-element-3eb028f elementor-widget elementor-widget-heading\" data-id=\"3eb028f\" data-element_type=\"widget\" data-widget_type=\"heading.default\">\n\t\t\t\t<div class=\"elementor-widget-container\">\n\t\t\t\t\t<h4 class=\"elementor-heading-title elementor-size-default\">Cartera de Servicios de Emergencia del Hospital Regional de Cob\u00e1n<\/h4>\t\t\t\t<\/div>\n\t\t\t\t<\/div>\n\t\t\t\t\t<\/div>\n\t\t<\/div>\n\t\t\t\t\t<\/div>\n\t\t<\/div>\n\t\t\t\t<div class=\"elementor-section elementor-inner-section elementor-element elementor-element-2f8c865 elementor-section-full_width elementor-section-height-default elementor-section-height-default\" data-id=\"2f8c865\" data-element_type=\"section\">\n\t\t\t\t\t\t<div class=\"elementor-container elementor-column-gap-default\">\n\t\t\t\t\t<div class=\"elementor-column elementor-col-33 elementor-inner-column elementor-element elementor-element-5c8ab1a\" data-id=\"5c8ab1a\" data-element_type=\"column\">\n\t\t\t<div class=\"elementor-widget-wrap elementor-element-populated\">\n\t\t\t\t\t\t<div class=\"elementor-element elementor-element-093b81f elementor-icon-list--layout-traditional elementor-list-item-link-full_width elementor-widget elementor-widget-icon-list\" data-id=\"093b81f\" data-element_type=\"widget\" data-widget_type=\"icon-list.default\">\n\t\t\t\t<div class=\"elementor-widget-container\">\n\t\t\t\t\t\t\t<ul class=\"elementor-icon-list-items\">\n\t\t\t\t\t\t\t<li class=\"elementor-icon-list-item\">\n\t\t\t\t\t\t\t\t\t\t\t<span class=\"elementor-icon-list-icon\">\n\t\t\t\t\t\t\t<i aria-hidden=\"true\" class=\"fas fa-check\"><\/i>\t\t\t\t\t\t<\/span>\n\t\t\t\t\t\t\t\t\t\t<span class=\"elementor-icon-list-text\">\u00c1rea de atenci\u00f3n medica de adultos y adolescentes Cl\u00ednica-Quir\u00fargica<\/span>\n\t\t\t\t\t\t\t\t\t<\/li>\n\t\t\t\t\t\t\t\t<li class=\"elementor-icon-list-item\">\n\t\t\t\t\t\t\t\t\t\t\t<span class=\"elementor-icon-list-icon\">\n\t\t\t\t\t\t\t<i aria-hidden=\"true\" class=\"fas fa-check\"><\/i>\t\t\t\t\t\t<\/span>\n\t\t\t\t\t\t\t\t\t\t<span class=\"elementor-icon-list-text\">\u00c1rea de atenci\u00f3n de Pediatr\u00eda y Neonatolog\u00eda<\/span>\n\t\t\t\t\t\t\t\t\t<\/li>\n\t\t\t\t\t\t\t\t<li class=\"elementor-icon-list-item\">\n\t\t\t\t\t\t\t\t\t\t\t<span class=\"elementor-icon-list-icon\">\n\t\t\t\t\t\t\t<i aria-hidden=\"true\" class=\"fas fa-check\"><\/i>\t\t\t\t\t\t<\/span>\n\t\t\t\t\t\t\t\t\t\t<span class=\"elementor-icon-list-text\">\u00c1rea de atenci\u00f3n de Ginecolog\u00eda y Obstetricia<\/span>\n\t\t\t\t\t\t\t\t\t<\/li>\n\t\t\t\t\t\t\t\t<li class=\"elementor-icon-list-item\">\n\t\t\t\t\t\t\t\t\t\t\t<span class=\"elementor-icon-list-icon\">\n\t\t\t\t\t\t\t<i aria-hidden=\"true\" class=\"fas fa-check\"><\/i>\t\t\t\t\t\t<\/span>\n\t\t\t\t\t\t\t\t\t\t<span class=\"elementor-icon-list-text\">\u00c1rea roja (\u00e1rea de Shock o reanimaci\u00f3n)<\/span>\n\t\t\t\t\t\t\t\t\t<\/li>\n\t\t\t\t\t\t<\/ul>\n\t\t\t\t\t\t<\/div>\n\t\t\t\t<\/div>\n\t\t\t\t\t<\/div>\n\t\t<\/div>\n\t\t\t\t<div class=\"elementor-column elementor-col-33 elementor-inner-column elementor-element elementor-element-c592c36\" data-id=\"c592c36\" data-element_type=\"column\">\n\t\t\t<div class=\"elementor-widget-wrap elementor-element-populated\">\n\t\t\t\t\t\t<div class=\"elementor-element elementor-element-b85be59 elementor-widget__width-initial elementor-icon-list--layout-traditional elementor-list-item-link-full_width elementor-widget elementor-widget-icon-list\" data-id=\"b85be59\" data-element_type=\"widget\" data-widget_type=\"icon-list.default\">\n\t\t\t\t<div class=\"elementor-widget-container\">\n\t\t\t\t\t\t\t<ul class=\"elementor-icon-list-items\">\n\t\t\t\t\t\t\t<li class=\"elementor-icon-list-item\">\n\t\t\t\t\t\t\t\t\t\t\t<span class=\"elementor-icon-list-icon\">\n\t\t\t\t\t\t\t<i aria-hidden=\"true\" class=\"fas fa-check\"><\/i>\t\t\t\t\t\t<\/span>\n\t\t\t\t\t\t\t\t\t\t<span class=\"elementor-icon-list-text\">\u00c1rea de Observaci\u00f3n<\/span>\n\t\t\t\t\t\t\t\t\t<\/li>\n\t\t\t\t\t\t\t\t<li class=\"elementor-icon-list-item\">\n\t\t\t\t\t\t\t\t\t\t\t<span class=\"elementor-icon-list-icon\">\n\t\t\t\t\t\t\t<i aria-hidden=\"true\" class=\"fas fa-check\"><\/i>\t\t\t\t\t\t<\/span>\n\t\t\t\t\t\t\t\t\t\t<span class=\"elementor-icon-list-text\">\u00c1rea de colocaci\u00f3n de yeso<\/span>\n\t\t\t\t\t\t\t\t\t<\/li>\n\t\t\t\t\t\t\t\t<li class=\"elementor-icon-list-item\">\n\t\t\t\t\t\t\t\t\t\t\t<span class=\"elementor-icon-list-icon\">\n\t\t\t\t\t\t\t<i aria-hidden=\"true\" class=\"fas fa-check\"><\/i>\t\t\t\t\t\t<\/span>\n\t\t\t\t\t\t\t\t\t\t<span class=\"elementor-icon-list-text\">\u00c1rea de espera de pacientes<\/span>\n\t\t\t\t\t\t\t\t\t<\/li>\n\t\t\t\t\t\t\t\t<li class=\"elementor-icon-list-item\">\n\t\t\t\t\t\t\t\t\t\t\t<span class=\"elementor-icon-list-icon\">\n\t\t\t\t\t\t\t<i aria-hidden=\"true\" class=\"fas fa-check\"><\/i>\t\t\t\t\t\t<\/span>\n\t\t\t\t\t\t\t\t\t\t<span class=\"elementor-icon-list-text\">Especialidades y subespecialidades de apoyo en atenci\u00f3n de pacientes<\/span>\n\t\t\t\t\t\t\t\t\t<\/li>\n\t\t\t\t\t\t<\/ul>\n\t\t\t\t\t\t<\/div>\n\t\t\t\t<\/div>\n\t\t\t\t\t<\/div>\n\t\t<\/div>\n\t\t\t\t<div class=\"elementor-column elementor-col-33 elementor-inner-column elementor-element elementor-element-cbea529\" data-id=\"cbea529\" data-element_type=\"column\">\n\t\t\t<div class=\"elementor-widget-wrap elementor-element-populated\">\n\t\t\t\t\t\t<div class=\"elementor-element elementor-element-ce20671 elementor-icon-list--layout-traditional elementor-list-item-link-full_width elementor-widget elementor-widget-icon-list\" data-id=\"ce20671\" data-element_type=\"widget\" data-widget_type=\"icon-list.default\">\n\t\t\t\t<div class=\"elementor-widget-container\">\n\t\t\t\t\t\t\t<ul class=\"elementor-icon-list-items\">\n\t\t\t\t\t\t\t<li class=\"elementor-icon-list-item\">\n\t\t\t\t\t\t\t\t\t\t\t<span class=\"elementor-icon-list-icon\">\n\t\t\t\t\t\t\t<i aria-hidden=\"true\" class=\"fas fa-check\"><\/i>\t\t\t\t\t\t<\/span>\n\t\t\t\t\t\t\t\t\t\t<span class=\"elementor-icon-list-text\">\u00c1rea de enfermer\u00eda<\/span>\n\t\t\t\t\t\t\t\t\t<\/li>\n\t\t\t\t\t\t\t\t<li class=\"elementor-icon-list-item\">\n\t\t\t\t\t\t\t\t\t\t\t<span class=\"elementor-icon-list-icon\">\n\t\t\t\t\t\t\t<i aria-hidden=\"true\" class=\"fas fa-check\"><\/i>\t\t\t\t\t\t<\/span>\n\t\t\t\t\t\t\t\t\t\t<span class=\"elementor-icon-list-text\">Servicios de apoyo diagn\u00f3stico<\/span>\n\t\t\t\t\t\t\t\t\t<\/li>\n\t\t\t\t\t\t\t\t<li class=\"elementor-icon-list-item\">\n\t\t\t\t\t\t\t\t\t\t\t<span class=\"elementor-icon-list-icon\">\n\t\t\t\t\t\t\t<i aria-hidden=\"true\" class=\"fas fa-check\"><\/i>\t\t\t\t\t\t<\/span>\n\t\t\t\t\t\t\t\t\t\t<span class=\"elementor-icon-list-text\">Otros servicios de apoyo<\/span>\n\t\t\t\t\t\t\t\t\t<\/li>\n\t\t\t\t\t\t\t\t<li class=\"elementor-icon-list-item\">\n\t\t\t\t\t\t\t\t\t\t\t<span class=\"elementor-icon-list-icon\">\n\t\t\t\t\t\t\t<i aria-hidden=\"true\" class=\"fas fa-check\"><\/i>\t\t\t\t\t\t<\/span>\n\t\t\t\t\t\t\t\t\t\t<span class=\"elementor-icon-list-text\">Cl\u00ednica de atenci\u00f3n a v\u00edctimas de violencia sexual y maltrato infantil<\/span>\n\t\t\t\t\t\t\t\t\t<\/li>\n\t\t\t\t\t\t<\/ul>\n\t\t\t\t\t\t<\/div>\n\t\t\t\t<\/div>\n\t\t\t\t\t<\/div>\n\t\t<\/div>\n\t\t\t\t\t<\/div>\n\t\t<\/div>\n\t\t\t\t\t<\/div>\n\t\t<\/div>\n\t\t\t\t\t<\/div>\n\t\t<\/div>\n\t\t\t\t<\/div>\n\t\t","protected":false},"excerpt":{"rendered":"<p>Servicio de Emergencias y Urgencias Atenci\u00f3n de emergencias y urgencias para pacientes adultos, pacientes pedi\u00e1tricos y pacientes gineco-obst\u00e9tricas, observaci\u00f3n y cuarto de shock en \u00e1reas independientes. Contando con m\u00e9dicos generales y m\u00e9dicos especialistas en diferentes ramas de la medicina: Gineco-Obstetricia, Pediatr\u00eda, Cirug\u00eda General, Ortopedia Traumatolog\u00eda, Medicina interna y Anestesiolog\u00eda, adem\u00e1s de contar con apoyo de [&hellip;]<\/p>\n","protected":false},"author":1,"featured_media":0,"parent":8291,"menu_order":0,"comment_status":"closed","ping_status":"closed","template":"","meta":{"_acf_changed":false,"footnotes":""},"class_list":["post-17573","page","type-page","status-publish","hentry"],"acf":[],"_links":{"self":[{"href":"http:\/\/hospitalcoban.gob.gt\/index.php\/wp-json\/wp\/v2\/pages\/17573","targetHints":{"allow":["GET"]}}],"collection":[{"href":"http:\/\/hospitalcoban.gob.gt\/index.php\/wp-json\/wp\/v2\/pages"}],"about":[{"href":"http:\/\/hospitalcoban.gob.gt\/index.php\/wp-json\/wp\/v2\/types\/page"}],"author":[{"embeddable":true,"href":"http:\/\/hospitalcoban.gob.gt\/index.php\/wp-json\/wp\/v2\/users\/1"}],"replies":[{"embeddable":true,"href":"http:\/\/hospitalcoban.gob.gt\/index.php\/wp-json\/wp\/v2\/comments?post=17573"}],"version-history":[{"count":16,"href":"http:\/\/hospitalcoban.gob.gt\/index.php\/wp-json\/wp\/v2\/pages\/17573\/revisions"}],"predecessor-version":[{"id":18080,"href":"http:\/\/hospitalcoban.gob.gt\/index.php\/wp-json\/wp\/v2\/pages\/17573\/revisions\/18080"}],"up":[{"embeddable":true,"href":"http:\/\/hospitalcoban.gob.gt\/index.php\/wp-json\/wp\/v2\/pages\/8291"}],"wp:attachment":[{"href":"http:\/\/hospitalcoban.gob.gt\/index.php\/wp-json\/wp\/v2\/media?parent=17573"}],"curies":[{"name":"wp","href":"https:\/\/api.w.org\/{rel}","templated":true}]}}